{"id":830,"date":"2021-12-07T19:55:58","date_gmt":"2021-12-07T18:55:58","guid":{"rendered":"http:\/\/marenkuehn.ch\/?page_id=830"},"modified":"2021-12-07T19:55:59","modified_gmt":"2021-12-07T18:55:59","slug":"eugene-lance","status":"publish","type":"page","link":"https:\/\/marenkuehn.ch\/?page_id=830","title":{"rendered":"Eug\u00e8ne-Lance"},"content":{"rendered":"\n<figure class=\"wp-block-gallery has-nested-images columns-default is-cropped\">\n<figure class=\"wp-block-image size-full is-style-default\"><a href=\"http:\/\/marenkuehn.ch\/wp-content\/uploads\/2021\/12\/LANCE_1-scaled.jpg\"><img loading=\"lazy\" width=\"2560\" height=\"1920\" data-id=\"836\"  src=\"http:\/\/marenkuehn.ch\/wp-content\/uploads\/2021\/12\/LANCE_1-scaled.jpg\" alt=\"\" class=\"wp-image-836\" srcset=\"https:\/\/marenkuehn.ch\/wp-content\/uploads\/2021\/12\/LANCE_1-scaled.jpg 2560w, https:\/\/marenkuehn.ch\/wp-content\/uploads\/2021\/12\/LANCE_1-300x225.jpg 300w, https:\/\/marenkuehn.ch\/wp-content\/uploads\/2021\/12\/LANCE_1-1024x768.jpg 1024w, https:\/\/marenkuehn.ch\/wp-content\/uploads\/2021\/12\/LANCE_1-768x576.jpg 768w, https:\/\/marenkuehn.ch\/wp-content\/uploads\/2021\/12\/LANCE_1-1536x1152.jpg 1536w, https:\/\/marenkuehn.ch\/wp-content\/uploads\/2021\/12\/LANCE_1-2048x1536.jpg 2048w\" sizes=\"(max-width: 2560px) 100vw, 2560px\" \/><\/a><\/figure>\n\n\n\n<figure class=\"wp-block-image size-full is-style-default\"><a href=\"http:\/\/marenkuehn.ch\/wp-content\/uploads\/2021\/12\/LANCE_2-scaled.jpg\"><img loading=\"lazy\" width=\"2560\" height=\"1920\" data-id=\"832\"  src=\"http:\/\/marenkuehn.ch\/wp-content\/uploads\/2021\/12\/LANCE_2-scaled.jpg\" alt=\"\" class=\"wp-image-832\" srcset=\"https:\/\/marenkuehn.ch\/wp-content\/uploads\/2021\/12\/LANCE_2-scaled.jpg 2560w, https:\/\/marenkuehn.ch\/wp-content\/uploads\/2021\/12\/LANCE_2-300x225.jpg 300w, https:\/\/marenkuehn.ch\/wp-content\/uploads\/2021\/12\/LANCE_2-1024x768.jpg 1024w, https:\/\/marenkuehn.ch\/wp-content\/uploads\/2021\/12\/LANCE_2-768x576.jpg 768w, https:\/\/marenkuehn.ch\/wp-content\/uploads\/2021\/12\/LANCE_2-1536x1152.jpg 1536w, https:\/\/marenkuehn.ch\/wp-content\/uploads\/2021\/12\/LANCE_2-2048x1536.jpg 2048w\" sizes=\"(max-width: 2560px) 100vw, 2560px\" \/><\/a><\/figure>\n\n\n\n<figure class=\"wp-block-image size-full is-style-default\"><a href=\"http:\/\/marenkuehn.ch\/wp-content\/uploads\/2021\/12\/LANCE_3-scaled.jpg\"><img loading=\"lazy\" width=\"2560\" height=\"1920\" data-id=\"833\"  src=\"http:\/\/marenkuehn.ch\/wp-content\/uploads\/2021\/12\/LANCE_3-scaled.jpg\" alt=\"\" class=\"wp-image-833\" srcset=\"https:\/\/marenkuehn.ch\/wp-content\/uploads\/2021\/12\/LANCE_3-scaled.jpg 2560w, https:\/\/marenkuehn.ch\/wp-content\/uploads\/2021\/12\/LANCE_3-300x225.jpg 300w, https:\/\/marenkuehn.ch\/wp-content\/uploads\/2021\/12\/LANCE_3-1024x768.jpg 1024w, https:\/\/marenkuehn.ch\/wp-content\/uploads\/2021\/12\/LANCE_3-768x576.jpg 768w, https:\/\/marenkuehn.ch\/wp-content\/uploads\/2021\/12\/LANCE_3-1536x1152.jpg 1536w, https:\/\/marenkuehn.ch\/wp-content\/uploads\/2021\/12\/LANCE_3-2048x1536.jpg 2048w\" sizes=\"(max-width: 2560px) 100vw, 2560px\" \/><\/a><\/figure>\n\n\n\n<figure class=\"wp-block-image size-full is-style-default\"><a href=\"http:\/\/marenkuehn.ch\/wp-content\/uploads\/2021\/12\/LANCE_4-scaled.jpg\"><img loading=\"lazy\" width=\"2560\" height=\"1920\" data-id=\"835\"  src=\"http:\/\/marenkuehn.ch\/wp-content\/uploads\/2021\/12\/LANCE_4-scaled.jpg\" alt=\"\" class=\"wp-image-835\" srcset=\"https:\/\/marenkuehn.ch\/wp-content\/uploads\/2021\/12\/LANCE_4-scaled.jpg 2560w, https:\/\/marenkuehn.ch\/wp-content\/uploads\/2021\/12\/LANCE_4-300x225.jpg 300w, https:\/\/marenkuehn.ch\/wp-content\/uploads\/2021\/12\/LANCE_4-1024x768.jpg 1024w, https:\/\/marenkuehn.ch\/wp-content\/uploads\/2021\/12\/LANCE_4-768x576.jpg 768w, https:\/\/marenkuehn.ch\/wp-content\/uploads\/2021\/12\/LANCE_4-1536x1152.jpg 1536w, https:\/\/marenkuehn.ch\/wp-content\/uploads\/2021\/12\/LANCE_4-2048x1536.jpg 2048w\" sizes=\"(max-width: 2560px) 100vw, 2560px\" \/><\/a><\/figure>\n\n\n\n<figure class=\"wp-block-image size-full is-style-default\"><a href=\"http:\/\/marenkuehn.ch\/wp-content\/uploads\/2021\/12\/LANCE_5-scaled.jpg\"><img loading=\"lazy\" width=\"2560\" height=\"1712\" data-id=\"831\"  src=\"http:\/\/marenkuehn.ch\/wp-content\/uploads\/2021\/12\/LANCE_5-scaled.jpg\" alt=\"\" class=\"wp-image-831\" srcset=\"https:\/\/marenkuehn.ch\/wp-content\/uploads\/2021\/12\/LANCE_5-scaled.jpg 2560w, https:\/\/marenkuehn.ch\/wp-content\/uploads\/2021\/12\/LANCE_5-300x201.jpg 300w, https:\/\/marenkuehn.ch\/wp-content\/uploads\/2021\/12\/LANCE_5-1024x685.jpg 1024w, https:\/\/marenkuehn.ch\/wp-content\/uploads\/2021\/12\/LANCE_5-768x514.jpg 768w, https:\/\/marenkuehn.ch\/wp-content\/uploads\/2021\/12\/LANCE_5-1536x1027.jpg 1536w, https:\/\/marenkuehn.ch\/wp-content\/uploads\/2021\/12\/LANCE_5-2048x1370.jpg 2048w\" sizes=\"(max-width: 2560px) 100vw, 2560px\" \/><\/a><\/figure>\n\n\n\n<figure class=\"wp-block-image size-full is-style-default\"><a href=\"http:\/\/marenkuehn.ch\/wp-content\/uploads\/2021\/12\/LANCE_6-scaled.jpg\"><img loading=\"lazy\" width=\"2560\" height=\"1920\" data-id=\"834\"  src=\"http:\/\/marenkuehn.ch\/wp-content\/uploads\/2021\/12\/LANCE_6-scaled.jpg\" alt=\"\" class=\"wp-image-834\" srcset=\"https:\/\/marenkuehn.ch\/wp-content\/uploads\/2021\/12\/LANCE_6-scaled.jpg 2560w, https:\/\/marenkuehn.ch\/wp-content\/uploads\/2021\/12\/LANCE_6-300x225.jpg 300w, https:\/\/marenkuehn.ch\/wp-content\/uploads\/2021\/12\/LANCE_6-1024x768.jpg 1024w, https:\/\/marenkuehn.ch\/wp-content\/uploads\/2021\/12\/LANCE_6-768x576.jpg 768w, https:\/\/marenkuehn.ch\/wp-content\/uploads\/2021\/12\/LANCE_6-1536x1152.jpg 1536w, https:\/\/marenkuehn.ch\/wp-content\/uploads\/2021\/12\/LANCE_6-2048x1536.jpg 2048w\" sizes=\"(max-width: 2560px) 100vw, 2560px\" \/><\/a><\/figure>\n\n\n\n<figure class=\"wp-block-image size-full is-style-default\"><a href=\"http:\/\/marenkuehn.ch\/wp-content\/uploads\/2021\/12\/LANCE_7-scaled.jpg\"><img loading=\"lazy\" width=\"2560\" height=\"1920\" data-id=\"837\"  src=\"http:\/\/marenkuehn.ch\/wp-content\/uploads\/2021\/12\/LANCE_7-scaled.jpg\" alt=\"\" class=\"wp-image-837\" srcset=\"https:\/\/marenkuehn.ch\/wp-content\/uploads\/2021\/12\/LANCE_7-scaled.jpg 2560w, https:\/\/marenkuehn.ch\/wp-content\/uploads\/2021\/12\/LANCE_7-300x225.jpg 300w, https:\/\/marenkuehn.ch\/wp-content\/uploads\/2021\/12\/LANCE_7-1024x768.jpg 1024w, https:\/\/marenkuehn.ch\/wp-content\/uploads\/2021\/12\/LANCE_7-768x576.jpg 768w, https:\/\/marenkuehn.ch\/wp-content\/uploads\/2021\/12\/LANCE_7-1536x1152.jpg 1536w, https:\/\/marenkuehn.ch\/wp-content\/uploads\/2021\/12\/LANCE_7-2048x1536.jpg 2048w\" sizes=\"(max-width: 2560px) 100vw, 2560px\" \/><\/a><\/figure>\n<figcaption class=\"blocks-gallery-caption\"><strong>EUGENE-LANCE <\/strong> R\u00e9am\u00e9nagement des ext\u00e9rieurs d&rsquo;un complexe administratif \u00e0 Grand-Lancy (GE). Architectes: FAZ architectes, Gen\u00e8ve. 2019 \/\/\/\/\/ <em>Neugestaltung des Aussenbereiches eines B\u00fcrogeb\u00e4udekomplexes in Grand-Lancy (GE). Architekten: FAZ architectes, Genf. 20129<\/em><\/figcaption><\/figure>\n","protected":false},"excerpt":{"rendered":"","protected":false},"author":1,"featured_media":0,"parent":0,"menu_order":0,"comment_status":"closed","ping_status":"closed","template":"","meta":[],"_links":{"self":[{"href":"https:\/\/marenkuehn.ch\/index.php?rest_route=\/wp\/v2\/pages\/830"}],"collection":[{"href":"https:\/\/marenkuehn.ch\/index.php?rest_route=\/wp\/v2\/pages"}],"about":[{"href":"https:\/\/marenkuehn.ch\/index.php?rest_route=\/wp\/v2\/types\/page"}],"author":[{"embeddable":true,"href":"https:\/\/marenkuehn.ch\/index.php?rest_route=\/wp\/v2\/users\/1"}],"replies":[{"embeddable":true,"href":"https:\/\/marenkuehn.ch\/index.php?rest_route=%2Fwp%2Fv2%2Fcomments&post=830"}],"version-history":[{"count":2,"href":"https:\/\/marenkuehn.ch\/index.php?rest_route=\/wp\/v2\/pages\/830\/revisions"}],"predecessor-version":[{"id":839,"href":"https:\/\/marenkuehn.ch\/index.php?rest_route=\/wp\/v2\/pages\/830\/revisions\/839"}],"wp:attachment":[{"href":"https:\/\/marenkuehn.ch\/index.php?rest_route=%2Fwp%2Fv2%2Fmedia&parent=830"}],"curies":[{"name":"wp","href":"https:\/\/api.w.org\/{rel}","templated":true}]}}