{"id":789,"date":"2021-12-07T19:38:07","date_gmt":"2021-12-07T18:38:07","guid":{"rendered":"http:\/\/marenkuehn.ch\/?page_id=789"},"modified":"2021-12-07T19:38:08","modified_gmt":"2021-12-07T18:38:08","slug":"place-du-marche","status":"publish","type":"page","link":"https:\/\/marenkuehn.ch\/?page_id=789","title":{"rendered":"Place du March\u00e9"},"content":{"rendered":"\n<figure class=\"wp-block-gallery has-nested-images columns-3 is-cropped\">\n<figure class=\"wp-block-image size-full\"><a href=\"http:\/\/marenkuehn.ch\/wp-content\/uploads\/2021\/12\/AIGLE_1-2-scaled.jpg\"><img loading=\"lazy\" width=\"2560\" height=\"1811\" data-id=\"790\"  src=\"http:\/\/marenkuehn.ch\/wp-content\/uploads\/2021\/12\/AIGLE_1-2-scaled.jpg\" alt=\"\" class=\"wp-image-790\" srcset=\"https:\/\/marenkuehn.ch\/wp-content\/uploads\/2021\/12\/AIGLE_1-2-scaled.jpg 2560w, https:\/\/marenkuehn.ch\/wp-content\/uploads\/2021\/12\/AIGLE_1-2-300x212.jpg 300w, https:\/\/marenkuehn.ch\/wp-content\/uploads\/2021\/12\/AIGLE_1-2-1024x724.jpg 1024w, https:\/\/marenkuehn.ch\/wp-content\/uploads\/2021\/12\/AIGLE_1-2-768x543.jpg 768w, https:\/\/marenkuehn.ch\/wp-content\/uploads\/2021\/12\/AIGLE_1-2-1536x1087.jpg 1536w, https:\/\/marenkuehn.ch\/wp-content\/uploads\/2021\/12\/AIGLE_1-2-2048x1449.jpg 2048w\" sizes=\"(max-width: 2560px) 100vw, 2560px\" \/><\/a><\/figure>\n\n\n\n<figure class=\"wp-block-image size-full\"><a href=\"http:\/\/marenkuehn.ch\/wp-content\/uploads\/2021\/12\/AIGLE_2-2-scaled.jpg\"><img loading=\"lazy\" width=\"2560\" height=\"1811\" data-id=\"791\"  src=\"http:\/\/marenkuehn.ch\/wp-content\/uploads\/2021\/12\/AIGLE_2-2-scaled.jpg\" alt=\"\" class=\"wp-image-791\" srcset=\"https:\/\/marenkuehn.ch\/wp-content\/uploads\/2021\/12\/AIGLE_2-2-scaled.jpg 2560w, https:\/\/marenkuehn.ch\/wp-content\/uploads\/2021\/12\/AIGLE_2-2-300x212.jpg 300w, https:\/\/marenkuehn.ch\/wp-content\/uploads\/2021\/12\/AIGLE_2-2-1024x724.jpg 1024w, https:\/\/marenkuehn.ch\/wp-content\/uploads\/2021\/12\/AIGLE_2-2-768x543.jpg 768w, https:\/\/marenkuehn.ch\/wp-content\/uploads\/2021\/12\/AIGLE_2-2-1536x1087.jpg 1536w, https:\/\/marenkuehn.ch\/wp-content\/uploads\/2021\/12\/AIGLE_2-2-2048x1449.jpg 2048w\" sizes=\"(max-width: 2560px) 100vw, 2560px\" \/><\/a><\/figure>\n\n\n\n<figure class=\"wp-block-image size-full\"><a href=\"http:\/\/marenkuehn.ch\/wp-content\/uploads\/2021\/12\/AIGLE_3-2-scaled.jpg\"><img loading=\"lazy\" width=\"2560\" height=\"1811\" data-id=\"792\"  src=\"http:\/\/marenkuehn.ch\/wp-content\/uploads\/2021\/12\/AIGLE_3-2-scaled.jpg\" alt=\"\" class=\"wp-image-792\" srcset=\"https:\/\/marenkuehn.ch\/wp-content\/uploads\/2021\/12\/AIGLE_3-2-scaled.jpg 2560w, https:\/\/marenkuehn.ch\/wp-content\/uploads\/2021\/12\/AIGLE_3-2-300x212.jpg 300w, https:\/\/marenkuehn.ch\/wp-content\/uploads\/2021\/12\/AIGLE_3-2-1024x724.jpg 1024w, https:\/\/marenkuehn.ch\/wp-content\/uploads\/2021\/12\/AIGLE_3-2-768x543.jpg 768w, https:\/\/marenkuehn.ch\/wp-content\/uploads\/2021\/12\/AIGLE_3-2-1536x1087.jpg 1536w, https:\/\/marenkuehn.ch\/wp-content\/uploads\/2021\/12\/AIGLE_3-2-2048x1449.jpg 2048w\" sizes=\"(max-width: 2560px) 100vw, 2560px\" \/><\/a><\/figure>\n<figcaption class=\"blocks-gallery-caption\"><strong>PLACE DU MARCHE<\/strong> Mandat d&rsquo;\u00e9tudes parall\u00e8les pour le r\u00e9am\u00e9nagement de la place du march\u00e9, Aigle (VD) 1er prix. En collaboration avec Pleineterre, Altermobil, Prona et Citec Ing\u00e9nieurs Conseils. Gen\u00e8ve. 2021 &#8211; en cours \/\/\/\/\/&nbsp;<em>Parallelstudienauftrag f\u00fcr die Umgestaltung des Marktplatzes,  Aigle (VD). 1. Platz. In Zusammenarbeit mit Pleineterre, Altermobil, Prona und Citec Ing\u00e9nieurs conseils. 2021<\/em> &#8211; in Bearbeitung<\/figcaption><\/figure>\n\n\n\n<p><\/p>\n","protected":false},"excerpt":{"rendered":"","protected":false},"author":1,"featured_media":0,"parent":0,"menu_order":0,"comment_status":"closed","ping_status":"closed","template":"","meta":[],"_links":{"self":[{"href":"https:\/\/marenkuehn.ch\/index.php?rest_route=\/wp\/v2\/pages\/789"}],"collection":[{"href":"https:\/\/marenkuehn.ch\/index.php?rest_route=\/wp\/v2\/pages"}],"about":[{"href":"https:\/\/marenkuehn.ch\/index.php?rest_route=\/wp\/v2\/types\/page"}],"author":[{"embeddable":true,"href":"https:\/\/marenkuehn.ch\/index.php?rest_route=\/wp\/v2\/users\/1"}],"replies":[{"embeddable":true,"href":"https:\/\/marenkuehn.ch\/index.php?rest_route=%2Fwp%2Fv2%2Fcomments&post=789"}],"version-history":[{"count":9,"href":"https:\/\/marenkuehn.ch\/index.php?rest_route=\/wp\/v2\/pages\/789\/revisions"}],"predecessor-version":[{"id":810,"href":"https:\/\/marenkuehn.ch\/index.php?rest_route=\/wp\/v2\/pages\/789\/revisions\/810"}],"wp:attachment":[{"href":"https:\/\/marenkuehn.ch\/index.php?rest_route=%2Fwp%2Fv2%2Fmedia&parent=789"}],"curies":[{"name":"wp","href":"https:\/\/api.w.org\/{rel}","templated":true}]}}