{"id":776,"date":"2021-12-07T19:36:44","date_gmt":"2021-12-07T18:36:44","guid":{"rendered":"http:\/\/marenkuehn.ch\/?page_id=776"},"modified":"2021-12-07T19:36:45","modified_gmt":"2021-12-07T18:36:45","slug":"des-journees-entieres-dans-les-arbres","status":"publish","type":"page","link":"https:\/\/marenkuehn.ch\/?page_id=776","title":{"rendered":"Des journ\u00e9es enti\u00e8res dans les arbres"},"content":{"rendered":"\n<figure class=\"wp-block-gallery has-nested-images columns-2 is-cropped\">\n<figure class=\"wp-block-image size-full\"><a href=\"http:\/\/marenkuehn.ch\/wp-content\/uploads\/2021\/12\/DES-JOURNEES-ENTIERES-DANS-LES-ARBRES_1-scaled.jpg\"><img loading=\"lazy\" width=\"2560\" height=\"1808\" data-id=\"777\"  src=\"http:\/\/marenkuehn.ch\/wp-content\/uploads\/2021\/12\/DES-JOURNEES-ENTIERES-DANS-LES-ARBRES_1-scaled.jpg\" alt=\"\" class=\"wp-image-777\" srcset=\"https:\/\/marenkuehn.ch\/wp-content\/uploads\/2021\/12\/DES-JOURNEES-ENTIERES-DANS-LES-ARBRES_1-scaled.jpg 2560w, https:\/\/marenkuehn.ch\/wp-content\/uploads\/2021\/12\/DES-JOURNEES-ENTIERES-DANS-LES-ARBRES_1-300x212.jpg 300w, https:\/\/marenkuehn.ch\/wp-content\/uploads\/2021\/12\/DES-JOURNEES-ENTIERES-DANS-LES-ARBRES_1-1024x723.jpg 1024w, https:\/\/marenkuehn.ch\/wp-content\/uploads\/2021\/12\/DES-JOURNEES-ENTIERES-DANS-LES-ARBRES_1-768x542.jpg 768w, https:\/\/marenkuehn.ch\/wp-content\/uploads\/2021\/12\/DES-JOURNEES-ENTIERES-DANS-LES-ARBRES_1-1536x1085.jpg 1536w, https:\/\/marenkuehn.ch\/wp-content\/uploads\/2021\/12\/DES-JOURNEES-ENTIERES-DANS-LES-ARBRES_1-2048x1446.jpg 2048w\" sizes=\"(max-width: 2560px) 100vw, 2560px\" \/><\/a><\/figure>\n\n\n\n<figure class=\"wp-block-image size-full\"><a href=\"http:\/\/marenkuehn.ch\/wp-content\/uploads\/2021\/12\/DES-JOURNEES-ENTIERES-DANS-LES-ARBRES_2-scaled.jpg\"><img loading=\"lazy\" width=\"2560\" height=\"1808\" data-id=\"778\"  src=\"http:\/\/marenkuehn.ch\/wp-content\/uploads\/2021\/12\/DES-JOURNEES-ENTIERES-DANS-LES-ARBRES_2-scaled.jpg\" alt=\"\" class=\"wp-image-778\" srcset=\"https:\/\/marenkuehn.ch\/wp-content\/uploads\/2021\/12\/DES-JOURNEES-ENTIERES-DANS-LES-ARBRES_2-scaled.jpg 2560w, https:\/\/marenkuehn.ch\/wp-content\/uploads\/2021\/12\/DES-JOURNEES-ENTIERES-DANS-LES-ARBRES_2-300x212.jpg 300w, https:\/\/marenkuehn.ch\/wp-content\/uploads\/2021\/12\/DES-JOURNEES-ENTIERES-DANS-LES-ARBRES_2-1024x723.jpg 1024w, https:\/\/marenkuehn.ch\/wp-content\/uploads\/2021\/12\/DES-JOURNEES-ENTIERES-DANS-LES-ARBRES_2-768x542.jpg 768w, https:\/\/marenkuehn.ch\/wp-content\/uploads\/2021\/12\/DES-JOURNEES-ENTIERES-DANS-LES-ARBRES_2-1536x1085.jpg 1536w, https:\/\/marenkuehn.ch\/wp-content\/uploads\/2021\/12\/DES-JOURNEES-ENTIERES-DANS-LES-ARBRES_2-2048x1446.jpg 2048w\" sizes=\"(max-width: 2560px) 100vw, 2560px\" \/><\/a><\/figure>\n\n\n\n<figure class=\"wp-block-image size-full\"><a href=\"http:\/\/marenkuehn.ch\/wp-content\/uploads\/2021\/12\/DES-JOURNEES-ENTIERES-DANS-LES-ARBRES_3-scaled.jpg\"><img loading=\"lazy\" width=\"2560\" height=\"1808\" data-id=\"782\"  src=\"http:\/\/marenkuehn.ch\/wp-content\/uploads\/2021\/12\/DES-JOURNEES-ENTIERES-DANS-LES-ARBRES_3-scaled.jpg\" alt=\"\" class=\"wp-image-782\" srcset=\"https:\/\/marenkuehn.ch\/wp-content\/uploads\/2021\/12\/DES-JOURNEES-ENTIERES-DANS-LES-ARBRES_3-scaled.jpg 2560w, https:\/\/marenkuehn.ch\/wp-content\/uploads\/2021\/12\/DES-JOURNEES-ENTIERES-DANS-LES-ARBRES_3-300x212.jpg 300w, https:\/\/marenkuehn.ch\/wp-content\/uploads\/2021\/12\/DES-JOURNEES-ENTIERES-DANS-LES-ARBRES_3-1024x723.jpg 1024w, https:\/\/marenkuehn.ch\/wp-content\/uploads\/2021\/12\/DES-JOURNEES-ENTIERES-DANS-LES-ARBRES_3-768x542.jpg 768w, https:\/\/marenkuehn.ch\/wp-content\/uploads\/2021\/12\/DES-JOURNEES-ENTIERES-DANS-LES-ARBRES_3-1536x1085.jpg 1536w, https:\/\/marenkuehn.ch\/wp-content\/uploads\/2021\/12\/DES-JOURNEES-ENTIERES-DANS-LES-ARBRES_3-2048x1446.jpg 2048w\" sizes=\"(max-width: 2560px) 100vw, 2560px\" \/><\/a><\/figure>\n\n\n\n<figure class=\"wp-block-image size-full\"><a href=\"http:\/\/marenkuehn.ch\/wp-content\/uploads\/2021\/12\/DES-JOURNEES-ENTIERES-DANS-LES-ARBRES_4-scaled.jpg\"><img loading=\"lazy\" width=\"2560\" height=\"1808\" data-id=\"780\"  src=\"http:\/\/marenkuehn.ch\/wp-content\/uploads\/2021\/12\/DES-JOURNEES-ENTIERES-DANS-LES-ARBRES_4-scaled.jpg\" alt=\"\" class=\"wp-image-780\" srcset=\"https:\/\/marenkuehn.ch\/wp-content\/uploads\/2021\/12\/DES-JOURNEES-ENTIERES-DANS-LES-ARBRES_4-scaled.jpg 2560w, https:\/\/marenkuehn.ch\/wp-content\/uploads\/2021\/12\/DES-JOURNEES-ENTIERES-DANS-LES-ARBRES_4-300x212.jpg 300w, https:\/\/marenkuehn.ch\/wp-content\/uploads\/2021\/12\/DES-JOURNEES-ENTIERES-DANS-LES-ARBRES_4-1024x723.jpg 1024w, https:\/\/marenkuehn.ch\/wp-content\/uploads\/2021\/12\/DES-JOURNEES-ENTIERES-DANS-LES-ARBRES_4-768x542.jpg 768w, https:\/\/marenkuehn.ch\/wp-content\/uploads\/2021\/12\/DES-JOURNEES-ENTIERES-DANS-LES-ARBRES_4-1536x1085.jpg 1536w, https:\/\/marenkuehn.ch\/wp-content\/uploads\/2021\/12\/DES-JOURNEES-ENTIERES-DANS-LES-ARBRES_4-2048x1446.jpg 2048w\" sizes=\"(max-width: 2560px) 100vw, 2560px\" \/><\/a><\/figure>\n\n\n\n<figure class=\"wp-block-image size-full\"><a href=\"http:\/\/marenkuehn.ch\/wp-content\/uploads\/2021\/12\/DES-JOURNEES-ENTIERES-DANS-LES-ARBRES_5-scaled.jpg\"><img loading=\"lazy\" width=\"2560\" height=\"1808\" data-id=\"779\"  src=\"http:\/\/marenkuehn.ch\/wp-content\/uploads\/2021\/12\/DES-JOURNEES-ENTIERES-DANS-LES-ARBRES_5-scaled.jpg\" alt=\"\" class=\"wp-image-779\" srcset=\"https:\/\/marenkuehn.ch\/wp-content\/uploads\/2021\/12\/DES-JOURNEES-ENTIERES-DANS-LES-ARBRES_5-scaled.jpg 2560w, https:\/\/marenkuehn.ch\/wp-content\/uploads\/2021\/12\/DES-JOURNEES-ENTIERES-DANS-LES-ARBRES_5-300x212.jpg 300w, https:\/\/marenkuehn.ch\/wp-content\/uploads\/2021\/12\/DES-JOURNEES-ENTIERES-DANS-LES-ARBRES_5-1024x723.jpg 1024w, https:\/\/marenkuehn.ch\/wp-content\/uploads\/2021\/12\/DES-JOURNEES-ENTIERES-DANS-LES-ARBRES_5-768x542.jpg 768w, https:\/\/marenkuehn.ch\/wp-content\/uploads\/2021\/12\/DES-JOURNEES-ENTIERES-DANS-LES-ARBRES_5-1536x1085.jpg 1536w, https:\/\/marenkuehn.ch\/wp-content\/uploads\/2021\/12\/DES-JOURNEES-ENTIERES-DANS-LES-ARBRES_5-2048x1446.jpg 2048w\" sizes=\"(max-width: 2560px) 100vw, 2560px\" \/><\/a><\/figure>\n\n\n\n<figure class=\"wp-block-image size-full\"><a href=\"http:\/\/marenkuehn.ch\/wp-content\/uploads\/2021\/12\/DES-JOURNEES-ENTIERES-DANS-LES-ARBRES_6-scaled.jpg\"><img loading=\"lazy\" width=\"2560\" height=\"1808\" data-id=\"781\"  src=\"http:\/\/marenkuehn.ch\/wp-content\/uploads\/2021\/12\/DES-JOURNEES-ENTIERES-DANS-LES-ARBRES_6-scaled.jpg\" alt=\"\" class=\"wp-image-781\" srcset=\"https:\/\/marenkuehn.ch\/wp-content\/uploads\/2021\/12\/DES-JOURNEES-ENTIERES-DANS-LES-ARBRES_6-scaled.jpg 2560w, https:\/\/marenkuehn.ch\/wp-content\/uploads\/2021\/12\/DES-JOURNEES-ENTIERES-DANS-LES-ARBRES_6-300x212.jpg 300w, https:\/\/marenkuehn.ch\/wp-content\/uploads\/2021\/12\/DES-JOURNEES-ENTIERES-DANS-LES-ARBRES_6-1024x723.jpg 1024w, https:\/\/marenkuehn.ch\/wp-content\/uploads\/2021\/12\/DES-JOURNEES-ENTIERES-DANS-LES-ARBRES_6-768x542.jpg 768w, https:\/\/marenkuehn.ch\/wp-content\/uploads\/2021\/12\/DES-JOURNEES-ENTIERES-DANS-LES-ARBRES_6-1536x1085.jpg 1536w, https:\/\/marenkuehn.ch\/wp-content\/uploads\/2021\/12\/DES-JOURNEES-ENTIERES-DANS-LES-ARBRES_6-2048x1446.jpg 2048w\" sizes=\"(max-width: 2560px) 100vw, 2560px\" \/><\/a><\/figure>\n<figcaption class=\"blocks-gallery-caption\"><strong>DES JOURNEES ENTIERES DANS LES ARBRES<\/strong>&nbsp;&nbsp;Concours pour la construction d&rsquo;un immeuble d&rsquo;habitation avec habitat coop\u00e9ratif, Vernier&nbsp;(GE). 2\u00e8me prix. Architecture: FAZ architectes. Gen\u00e8ve. 2019 \/\/\/\/\/&nbsp;<em>Wettbewerb f\u00fcr den Bau eines Wohnhauses mit genossenschaftlichem Habitat, Vernier (GE). 2. Platz. Architektur: FAZ architectes, Genf. 201<\/em>9<\/figcaption><\/figure>\n\n\n\n<p><\/p>\n","protected":false},"excerpt":{"rendered":"","protected":false},"author":1,"featured_media":0,"parent":0,"menu_order":0,"comment_status":"closed","ping_status":"closed","template":"","meta":[],"_links":{"self":[{"href":"https:\/\/marenkuehn.ch\/index.php?rest_route=\/wp\/v2\/pages\/776"}],"collection":[{"href":"https:\/\/marenkuehn.ch\/index.php?rest_route=\/wp\/v2\/pages"}],"about":[{"href":"https:\/\/marenkuehn.ch\/index.php?rest_route=\/wp\/v2\/types\/page"}],"author":[{"embeddable":true,"href":"https:\/\/marenkuehn.ch\/index.php?rest_route=\/wp\/v2\/users\/1"}],"replies":[{"embeddable":true,"href":"https:\/\/marenkuehn.ch\/index.php?rest_route=%2Fwp%2Fv2%2Fcomments&post=776"}],"version-history":[{"count":4,"href":"https:\/\/marenkuehn.ch\/index.php?rest_route=\/wp\/v2\/pages\/776\/revisions"}],"predecessor-version":[{"id":809,"href":"https:\/\/marenkuehn.ch\/index.php?rest_route=\/wp\/v2\/pages\/776\/revisions\/809"}],"wp:attachment":[{"href":"https:\/\/marenkuehn.ch\/index.php?rest_route=%2Fwp%2Fv2%2Fmedia&parent=776"}],"curies":[{"name":"wp","href":"https:\/\/api.w.org\/{rel}","templated":true}]}}