{"id":768,"date":"2021-12-07T19:37:46","date_gmt":"2021-12-07T18:37:46","guid":{"rendered":"http:\/\/marenkuehn.ch\/?page_id=768"},"modified":"2021-12-07T19:37:46","modified_gmt":"2021-12-07T18:37:46","slug":"pole-sante-sion","status":"publish","type":"page","link":"https:\/\/marenkuehn.ch\/?page_id=768","title":{"rendered":"P\u00f4le sant\u00e9 Sion"},"content":{"rendered":"\n<figure class=\"wp-block-gallery has-nested-images columns-2 is-cropped\">\n<figure class=\"wp-block-image size-full\"><a href=\"http:\/\/marenkuehn.ch\/wp-content\/uploads\/2021\/12\/TRIYO_1-scaled.jpg\"><img loading=\"lazy\" width=\"2560\" height=\"1808\" data-id=\"769\"  src=\"http:\/\/marenkuehn.ch\/wp-content\/uploads\/2021\/12\/TRIYO_1-scaled.jpg\" alt=\"\" class=\"wp-image-769\" srcset=\"https:\/\/marenkuehn.ch\/wp-content\/uploads\/2021\/12\/TRIYO_1-scaled.jpg 2560w, https:\/\/marenkuehn.ch\/wp-content\/uploads\/2021\/12\/TRIYO_1-300x212.jpg 300w, https:\/\/marenkuehn.ch\/wp-content\/uploads\/2021\/12\/TRIYO_1-1024x723.jpg 1024w, https:\/\/marenkuehn.ch\/wp-content\/uploads\/2021\/12\/TRIYO_1-768x542.jpg 768w, https:\/\/marenkuehn.ch\/wp-content\/uploads\/2021\/12\/TRIYO_1-1536x1085.jpg 1536w, https:\/\/marenkuehn.ch\/wp-content\/uploads\/2021\/12\/TRIYO_1-2048x1446.jpg 2048w\" sizes=\"(max-width: 2560px) 100vw, 2560px\" \/><\/a><\/figure>\n\n\n\n<figure class=\"wp-block-image size-full\"><a href=\"http:\/\/marenkuehn.ch\/wp-content\/uploads\/2021\/12\/TRIYO_2-scaled.jpg\"><img loading=\"lazy\" width=\"2560\" height=\"1808\" data-id=\"773\"  src=\"http:\/\/marenkuehn.ch\/wp-content\/uploads\/2021\/12\/TRIYO_2-scaled.jpg\" alt=\"\" class=\"wp-image-773\" srcset=\"https:\/\/marenkuehn.ch\/wp-content\/uploads\/2021\/12\/TRIYO_2-scaled.jpg 2560w, https:\/\/marenkuehn.ch\/wp-content\/uploads\/2021\/12\/TRIYO_2-300x212.jpg 300w, https:\/\/marenkuehn.ch\/wp-content\/uploads\/2021\/12\/TRIYO_2-1024x723.jpg 1024w, https:\/\/marenkuehn.ch\/wp-content\/uploads\/2021\/12\/TRIYO_2-768x542.jpg 768w, https:\/\/marenkuehn.ch\/wp-content\/uploads\/2021\/12\/TRIYO_2-1536x1085.jpg 1536w, https:\/\/marenkuehn.ch\/wp-content\/uploads\/2021\/12\/TRIYO_2-2048x1446.jpg 2048w\" sizes=\"(max-width: 2560px) 100vw, 2560px\" \/><\/a><\/figure>\n\n\n\n<figure class=\"wp-block-image size-full\"><a href=\"http:\/\/marenkuehn.ch\/wp-content\/uploads\/2021\/12\/TRIYO_3-scaled.jpg\"><img loading=\"lazy\" width=\"2560\" height=\"1808\" data-id=\"770\"  src=\"http:\/\/marenkuehn.ch\/wp-content\/uploads\/2021\/12\/TRIYO_3-scaled.jpg\" alt=\"\" class=\"wp-image-770\" srcset=\"https:\/\/marenkuehn.ch\/wp-content\/uploads\/2021\/12\/TRIYO_3-scaled.jpg 2560w, https:\/\/marenkuehn.ch\/wp-content\/uploads\/2021\/12\/TRIYO_3-300x212.jpg 300w, https:\/\/marenkuehn.ch\/wp-content\/uploads\/2021\/12\/TRIYO_3-1024x723.jpg 1024w, https:\/\/marenkuehn.ch\/wp-content\/uploads\/2021\/12\/TRIYO_3-768x542.jpg 768w, https:\/\/marenkuehn.ch\/wp-content\/uploads\/2021\/12\/TRIYO_3-1536x1085.jpg 1536w, https:\/\/marenkuehn.ch\/wp-content\/uploads\/2021\/12\/TRIYO_3-2048x1446.jpg 2048w\" sizes=\"(max-width: 2560px) 100vw, 2560px\" \/><\/a><\/figure>\n\n\n\n<figure class=\"wp-block-image size-full\"><a href=\"http:\/\/marenkuehn.ch\/wp-content\/uploads\/2021\/12\/TRIYO_4-scaled.jpg\"><img loading=\"lazy\" width=\"2560\" height=\"1808\" data-id=\"772\"  src=\"http:\/\/marenkuehn.ch\/wp-content\/uploads\/2021\/12\/TRIYO_4-scaled.jpg\" alt=\"\" class=\"wp-image-772\" srcset=\"https:\/\/marenkuehn.ch\/wp-content\/uploads\/2021\/12\/TRIYO_4-scaled.jpg 2560w, https:\/\/marenkuehn.ch\/wp-content\/uploads\/2021\/12\/TRIYO_4-300x212.jpg 300w, https:\/\/marenkuehn.ch\/wp-content\/uploads\/2021\/12\/TRIYO_4-1024x723.jpg 1024w, https:\/\/marenkuehn.ch\/wp-content\/uploads\/2021\/12\/TRIYO_4-768x542.jpg 768w, https:\/\/marenkuehn.ch\/wp-content\/uploads\/2021\/12\/TRIYO_4-1536x1085.jpg 1536w, https:\/\/marenkuehn.ch\/wp-content\/uploads\/2021\/12\/TRIYO_4-2048x1446.jpg 2048w\" sizes=\"(max-width: 2560px) 100vw, 2560px\" \/><\/a><\/figure>\n\n\n\n<figure class=\"wp-block-image size-full\"><a href=\"http:\/\/marenkuehn.ch\/wp-content\/uploads\/2021\/12\/TRIYO_5-scaled.jpg\"><img loading=\"lazy\" width=\"2560\" height=\"1808\" data-id=\"774\"  src=\"http:\/\/marenkuehn.ch\/wp-content\/uploads\/2021\/12\/TRIYO_5-scaled.jpg\" alt=\"\" class=\"wp-image-774\" srcset=\"https:\/\/marenkuehn.ch\/wp-content\/uploads\/2021\/12\/TRIYO_5-scaled.jpg 2560w, https:\/\/marenkuehn.ch\/wp-content\/uploads\/2021\/12\/TRIYO_5-300x212.jpg 300w, https:\/\/marenkuehn.ch\/wp-content\/uploads\/2021\/12\/TRIYO_5-1024x723.jpg 1024w, https:\/\/marenkuehn.ch\/wp-content\/uploads\/2021\/12\/TRIYO_5-768x542.jpg 768w, https:\/\/marenkuehn.ch\/wp-content\/uploads\/2021\/12\/TRIYO_5-1536x1085.jpg 1536w, https:\/\/marenkuehn.ch\/wp-content\/uploads\/2021\/12\/TRIYO_5-2048x1446.jpg 2048w\" sizes=\"(max-width: 2560px) 100vw, 2560px\" \/><\/a><\/figure>\n\n\n\n<figure class=\"wp-block-image size-full\"><a href=\"http:\/\/marenkuehn.ch\/wp-content\/uploads\/2021\/12\/TRIYO_6-scaled.jpg\"><img loading=\"lazy\" width=\"2560\" height=\"1808\" data-id=\"771\"  src=\"http:\/\/marenkuehn.ch\/wp-content\/uploads\/2021\/12\/TRIYO_6-scaled.jpg\" alt=\"\" class=\"wp-image-771\" srcset=\"https:\/\/marenkuehn.ch\/wp-content\/uploads\/2021\/12\/TRIYO_6-scaled.jpg 2560w, https:\/\/marenkuehn.ch\/wp-content\/uploads\/2021\/12\/TRIYO_6-300x212.jpg 300w, https:\/\/marenkuehn.ch\/wp-content\/uploads\/2021\/12\/TRIYO_6-1024x723.jpg 1024w, https:\/\/marenkuehn.ch\/wp-content\/uploads\/2021\/12\/TRIYO_6-768x542.jpg 768w, https:\/\/marenkuehn.ch\/wp-content\/uploads\/2021\/12\/TRIYO_6-1536x1085.jpg 1536w, https:\/\/marenkuehn.ch\/wp-content\/uploads\/2021\/12\/TRIYO_6-2048x1446.jpg 2048w\" sizes=\"(max-width: 2560px) 100vw, 2560px\" \/><\/a><\/figure>\n<figcaption class=\"blocks-gallery-caption\"><strong>P\u00d4LE SANTE SION<\/strong>&nbsp;&nbsp;Concours pour la construction du Campus P\u00f4le Sant\u00e9 de Sion, Sion&nbsp;(VS). 4\u00e8me prix. Architecture: Matei Agarici architectes. Gen\u00e8ve. 2019 \/\/\/\/\/&nbsp;<em>Wettbewerb f\u00fcr den Bau des Campus P\u00f4le Sant\u00e9 de Sion, Sion (VS). 4. Platz. Architektur: Matei Agarici architectes, Genf. 201<\/em>9<\/figcaption><\/figure>\n","protected":false},"excerpt":{"rendered":"","protected":false},"author":1,"featured_media":0,"parent":0,"menu_order":0,"comment_status":"closed","ping_status":"closed","template":"","meta":[],"_links":{"self":[{"href":"https:\/\/marenkuehn.ch\/index.php?rest_route=\/wp\/v2\/pages\/768"}],"collection":[{"href":"https:\/\/marenkuehn.ch\/index.php?rest_route=\/wp\/v2\/pages"}],"about":[{"href":"https:\/\/marenkuehn.ch\/index.php?rest_route=\/wp\/v2\/types\/page"}],"author":[{"embeddable":true,"href":"https:\/\/marenkuehn.ch\/index.php?rest_route=\/wp\/v2\/users\/1"}],"replies":[{"embeddable":true,"href":"https:\/\/marenkuehn.ch\/index.php?rest_route=%2Fwp%2Fv2%2Fcomments&post=768"}],"version-history":[{"count":5,"href":"https:\/\/marenkuehn.ch\/index.php?rest_route=\/wp\/v2\/pages\/768\/revisions"}],"predecessor-version":[{"id":812,"href":"https:\/\/marenkuehn.ch\/index.php?rest_route=\/wp\/v2\/pages\/768\/revisions\/812"}],"wp:attachment":[{"href":"https:\/\/marenkuehn.ch\/index.php?rest_route=%2Fwp%2Fv2%2Fmedia&parent=768"}],"curies":[{"name":"wp","href":"https:\/\/api.w.org\/{rel}","templated":true}]}}