{"id":747,"date":"2021-12-07T14:13:10","date_gmt":"2021-12-07T13:13:10","guid":{"rendered":"http:\/\/marenkuehn.ch\/?page_id=747"},"modified":"2021-12-07T19:37:25","modified_gmt":"2021-12-07T18:37:25","slug":"lumineaux","status":"publish","type":"page","link":"https:\/\/marenkuehn.ch\/?page_id=747","title":{"rendered":"Lumineaux"},"content":{"rendered":"\n<figure class=\"wp-block-gallery has-nested-images columns-default is-cropped\">\n<figure class=\"wp-block-image size-full\"><a href=\"http:\/\/marenkuehn.ch\/wp-content\/uploads\/2021\/12\/LUMINEAUX_1-scaled.jpg\"><img loading=\"lazy\" width=\"1811\" height=\"2560\" data-id=\"748\"  src=\"http:\/\/marenkuehn.ch\/wp-content\/uploads\/2021\/12\/LUMINEAUX_1-scaled.jpg\" alt=\"\" class=\"wp-image-748\" srcset=\"https:\/\/marenkuehn.ch\/wp-content\/uploads\/2021\/12\/LUMINEAUX_1-scaled.jpg 1811w, https:\/\/marenkuehn.ch\/wp-content\/uploads\/2021\/12\/LUMINEAUX_1-212x300.jpg 212w, https:\/\/marenkuehn.ch\/wp-content\/uploads\/2021\/12\/LUMINEAUX_1-725x1024.jpg 725w, https:\/\/marenkuehn.ch\/wp-content\/uploads\/2021\/12\/LUMINEAUX_1-768x1085.jpg 768w, https:\/\/marenkuehn.ch\/wp-content\/uploads\/2021\/12\/LUMINEAUX_1-1087x1536.jpg 1087w, https:\/\/marenkuehn.ch\/wp-content\/uploads\/2021\/12\/LUMINEAUX_1-1449x2048.jpg 1449w\" sizes=\"(max-width: 1811px) 100vw, 1811px\" \/><\/a><\/figure>\n\n\n\n<figure class=\"wp-block-image size-full\"><a href=\"http:\/\/marenkuehn.ch\/wp-content\/uploads\/2021\/12\/LUMINEAUX_2-scaled.jpg\"><img loading=\"lazy\" width=\"1811\" height=\"2560\" data-id=\"749\"  src=\"http:\/\/marenkuehn.ch\/wp-content\/uploads\/2021\/12\/LUMINEAUX_2-scaled.jpg\" alt=\"\" class=\"wp-image-749\" srcset=\"https:\/\/marenkuehn.ch\/wp-content\/uploads\/2021\/12\/LUMINEAUX_2-scaled.jpg 1811w, https:\/\/marenkuehn.ch\/wp-content\/uploads\/2021\/12\/LUMINEAUX_2-212x300.jpg 212w, https:\/\/marenkuehn.ch\/wp-content\/uploads\/2021\/12\/LUMINEAUX_2-725x1024.jpg 725w, https:\/\/marenkuehn.ch\/wp-content\/uploads\/2021\/12\/LUMINEAUX_2-768x1085.jpg 768w, https:\/\/marenkuehn.ch\/wp-content\/uploads\/2021\/12\/LUMINEAUX_2-1087x1536.jpg 1087w, https:\/\/marenkuehn.ch\/wp-content\/uploads\/2021\/12\/LUMINEAUX_2-1449x2048.jpg 1449w\" sizes=\"(max-width: 1811px) 100vw, 1811px\" \/><\/a><\/figure>\n\n\n\n<figure class=\"wp-block-image size-full\"><a href=\"http:\/\/marenkuehn.ch\/wp-content\/uploads\/2021\/12\/LUMINEAUX_3-scaled.jpg\"><img loading=\"lazy\" width=\"1811\" height=\"2560\" data-id=\"751\"  src=\"http:\/\/marenkuehn.ch\/wp-content\/uploads\/2021\/12\/LUMINEAUX_3-scaled.jpg\" alt=\"\" class=\"wp-image-751\" srcset=\"https:\/\/marenkuehn.ch\/wp-content\/uploads\/2021\/12\/LUMINEAUX_3-scaled.jpg 1811w, https:\/\/marenkuehn.ch\/wp-content\/uploads\/2021\/12\/LUMINEAUX_3-212x300.jpg 212w, https:\/\/marenkuehn.ch\/wp-content\/uploads\/2021\/12\/LUMINEAUX_3-725x1024.jpg 725w, https:\/\/marenkuehn.ch\/wp-content\/uploads\/2021\/12\/LUMINEAUX_3-768x1085.jpg 768w, https:\/\/marenkuehn.ch\/wp-content\/uploads\/2021\/12\/LUMINEAUX_3-1087x1536.jpg 1087w, https:\/\/marenkuehn.ch\/wp-content\/uploads\/2021\/12\/LUMINEAUX_3-1449x2048.jpg 1449w\" sizes=\"(max-width: 1811px) 100vw, 1811px\" \/><\/a><\/figure>\n\n\n\n<figure class=\"wp-block-image size-full\"><a href=\"http:\/\/marenkuehn.ch\/wp-content\/uploads\/2021\/12\/LUMINEAUX_4-scaled.jpg\"><img loading=\"lazy\" width=\"1811\" height=\"2560\" data-id=\"750\"  src=\"http:\/\/marenkuehn.ch\/wp-content\/uploads\/2021\/12\/LUMINEAUX_4-scaled.jpg\" alt=\"\" class=\"wp-image-750\" srcset=\"https:\/\/marenkuehn.ch\/wp-content\/uploads\/2021\/12\/LUMINEAUX_4-scaled.jpg 1811w, https:\/\/marenkuehn.ch\/wp-content\/uploads\/2021\/12\/LUMINEAUX_4-212x300.jpg 212w, https:\/\/marenkuehn.ch\/wp-content\/uploads\/2021\/12\/LUMINEAUX_4-725x1024.jpg 725w, https:\/\/marenkuehn.ch\/wp-content\/uploads\/2021\/12\/LUMINEAUX_4-768x1085.jpg 768w, https:\/\/marenkuehn.ch\/wp-content\/uploads\/2021\/12\/LUMINEAUX_4-1087x1536.jpg 1087w, https:\/\/marenkuehn.ch\/wp-content\/uploads\/2021\/12\/LUMINEAUX_4-1449x2048.jpg 1449w\" sizes=\"(max-width: 1811px) 100vw, 1811px\" \/><\/a><\/figure>\n<figcaption class=\"blocks-gallery-caption\"><strong>LUMINEAUX<\/strong>&nbsp;&nbsp;Concours en proc\u00e9dure s\u00e9lective pour la cr\u00e9ation du centre aquatique de la Fontenette, Carouge&nbsp;(GE).  Architecture: Atelier Bonnet, Gen\u00e8ve. 2018 \/\/\/\/\/ <em>Wettbewerb im Auswahlverfahren f\u00fcr den Bau eines Schwimmbades, Carouge (GE)&nbsp;(FR). Architektur: Atelier Bonnet, Genf. 2018<\/em><\/figcaption><\/figure>\n\n\n\n<p><\/p>\n","protected":false},"excerpt":{"rendered":"","protected":false},"author":1,"featured_media":0,"parent":0,"menu_order":0,"comment_status":"closed","ping_status":"closed","template":"","meta":[],"_links":{"self":[{"href":"https:\/\/marenkuehn.ch\/index.php?rest_route=\/wp\/v2\/pages\/747"}],"collection":[{"href":"https:\/\/marenkuehn.ch\/index.php?rest_route=\/wp\/v2\/pages"}],"about":[{"href":"https:\/\/marenkuehn.ch\/index.php?rest_route=\/wp\/v2\/types\/page"}],"author":[{"embeddable":true,"href":"https:\/\/marenkuehn.ch\/index.php?rest_route=\/wp\/v2\/users\/1"}],"replies":[{"embeddable":true,"href":"https:\/\/marenkuehn.ch\/index.php?rest_route=%2Fwp%2Fv2%2Fcomments&post=747"}],"version-history":[{"count":8,"href":"https:\/\/marenkuehn.ch\/index.php?rest_route=\/wp\/v2\/pages\/747\/revisions"}],"predecessor-version":[{"id":811,"href":"https:\/\/marenkuehn.ch\/index.php?rest_route=\/wp\/v2\/pages\/747\/revisions\/811"}],"wp:attachment":[{"href":"https:\/\/marenkuehn.ch\/index.php?rest_route=%2Fwp%2Fv2%2Fmedia&parent=747"}],"curies":[{"name":"wp","href":"https:\/\/api.w.org\/{rel}","templated":true}]}}