{"id":706,"date":"2021-12-06T21:40:14","date_gmt":"2021-12-06T20:40:14","guid":{"rendered":"http:\/\/marenkuehn.ch\/?page_id=706"},"modified":"2021-12-12T13:48:57","modified_gmt":"2021-12-12T12:48:57","slug":"etudes","status":"publish","type":"page","link":"https:\/\/marenkuehn.ch\/?page_id=706","title":{"rendered":"Etudes"},"content":{"rendered":"\n<figure class=\"wp-block-gallery has-nested-images columns-3 is-cropped\">\n<figure class=\"wp-duotone-69df27ae34073 wp-block-image size-full is-style-default\"><a href=\"http:\/\/marenkuehn.ch\/wp-content\/uploads\/2021\/12\/BUL18_1-scaled.jpg\"><img loading=\"lazy\" width=\"2560\" height=\"1811\" data-id=\"717\"  src=\"http:\/\/marenkuehn.ch\/wp-content\/uploads\/2021\/12\/BUL18_1-scaled.jpg\" alt=\"\" class=\"wp-image-717\" srcset=\"https:\/\/marenkuehn.ch\/wp-content\/uploads\/2021\/12\/BUL18_1-scaled.jpg 2560w, https:\/\/marenkuehn.ch\/wp-content\/uploads\/2021\/12\/BUL18_1-300x212.jpg 300w, https:\/\/marenkuehn.ch\/wp-content\/uploads\/2021\/12\/BUL18_1-1024x724.jpg 1024w, https:\/\/marenkuehn.ch\/wp-content\/uploads\/2021\/12\/BUL18_1-768x543.jpg 768w, https:\/\/marenkuehn.ch\/wp-content\/uploads\/2021\/12\/BUL18_1-1536x1087.jpg 1536w, https:\/\/marenkuehn.ch\/wp-content\/uploads\/2021\/12\/BUL18_1-2048x1449.jpg 2048w\" sizes=\"(max-width: 2560px) 100vw, 2560px\" \/><\/a><figcaption>Mandat d&rsquo;\u00e9tudes parall\u00e8les pour la cr\u00e9ation d&rsquo;un nouveau quartier \u00e0 Bulle (FR), architectes: bfik architectes, Fribourg, 2018<\/figcaption><\/figure>\n\n\n\n<figure class=\"wp-duotone-69df27ae34251 wp-block-image size-full is-style-default\"><a href=\"http:\/\/marenkuehn.ch\/wp-content\/uploads\/2021\/12\/BUL18_2-scaled.jpg\"><img loading=\"lazy\" width=\"2560\" height=\"1810\" data-id=\"716\"  src=\"http:\/\/marenkuehn.ch\/wp-content\/uploads\/2021\/12\/BUL18_2-scaled.jpg\" alt=\"\" class=\"wp-image-716\" srcset=\"https:\/\/marenkuehn.ch\/wp-content\/uploads\/2021\/12\/BUL18_2-scaled.jpg 2560w, https:\/\/marenkuehn.ch\/wp-content\/uploads\/2021\/12\/BUL18_2-300x212.jpg 300w, https:\/\/marenkuehn.ch\/wp-content\/uploads\/2021\/12\/BUL18_2-1024x724.jpg 1024w, https:\/\/marenkuehn.ch\/wp-content\/uploads\/2021\/12\/BUL18_2-768x543.jpg 768w, https:\/\/marenkuehn.ch\/wp-content\/uploads\/2021\/12\/BUL18_2-1536x1086.jpg 1536w, https:\/\/marenkuehn.ch\/wp-content\/uploads\/2021\/12\/BUL18_2-2048x1448.jpg 2048w\" sizes=\"(max-width: 2560px) 100vw, 2560px\" \/><\/a><\/figure>\n\n\n\n<figure class=\"wp-duotone-69df27ae342bc wp-block-image size-full is-style-default\"><a href=\"http:\/\/marenkuehn.ch\/wp-content\/uploads\/2021\/12\/BUL18_3-scaled.jpg\"><img loading=\"lazy\" width=\"2560\" height=\"1811\" data-id=\"718\"  src=\"http:\/\/marenkuehn.ch\/wp-content\/uploads\/2021\/12\/BUL18_3-scaled.jpg\" alt=\"\" class=\"wp-image-718\" srcset=\"https:\/\/marenkuehn.ch\/wp-content\/uploads\/2021\/12\/BUL18_3-scaled.jpg 2560w, https:\/\/marenkuehn.ch\/wp-content\/uploads\/2021\/12\/BUL18_3-300x212.jpg 300w, https:\/\/marenkuehn.ch\/wp-content\/uploads\/2021\/12\/BUL18_3-1024x724.jpg 1024w, https:\/\/marenkuehn.ch\/wp-content\/uploads\/2021\/12\/BUL18_3-768x543.jpg 768w, https:\/\/marenkuehn.ch\/wp-content\/uploads\/2021\/12\/BUL18_3-1536x1086.jpg 1536w, https:\/\/marenkuehn.ch\/wp-content\/uploads\/2021\/12\/BUL18_3-2048x1448.jpg 2048w\" sizes=\"(max-width: 2560px) 100vw, 2560px\" \/><\/a><\/figure>\n\n\n\n<figure class=\"wp-duotone-69df27ae34314 wp-block-image size-full is-style-default\"><a href=\"http:\/\/marenkuehn.ch\/wp-content\/uploads\/2021\/12\/HdB.jpg\"><img loading=\"lazy\" width=\"1653\" height=\"2338\" data-id=\"726\"  src=\"http:\/\/marenkuehn.ch\/wp-content\/uploads\/2021\/12\/HdB.jpg\" alt=\"\" class=\"wp-image-726\" srcset=\"https:\/\/marenkuehn.ch\/wp-content\/uploads\/2021\/12\/HdB.jpg 1653w, https:\/\/marenkuehn.ch\/wp-content\/uploads\/2021\/12\/HdB-212x300.jpg 212w, https:\/\/marenkuehn.ch\/wp-content\/uploads\/2021\/12\/HdB-724x1024.jpg 724w, https:\/\/marenkuehn.ch\/wp-content\/uploads\/2021\/12\/HdB-768x1086.jpg 768w, https:\/\/marenkuehn.ch\/wp-content\/uploads\/2021\/12\/HdB-1086x1536.jpg 1086w, https:\/\/marenkuehn.ch\/wp-content\/uploads\/2021\/12\/HdB-1448x2048.jpg 1448w\" sizes=\"(max-width: 1653px) 100vw, 1653px\" \/><\/a><figcaption>Image directrice pour le r\u00e9am\u00e9nagement d&rsquo;une rue de quartier en zone 30 \/ zone de rencontre \u00e0 Vernier (GE), 2020<\/figcaption><\/figure>\n\n\n\n<figure class=\"wp-duotone-69df27ae34366 wp-block-image size-full is-style-default\"><a href=\"http:\/\/marenkuehn.ch\/wp-content\/uploads\/2021\/12\/PEP.jpg\"><img loading=\"lazy\" width=\"1653\" height=\"2338\" data-id=\"724\"  src=\"http:\/\/marenkuehn.ch\/wp-content\/uploads\/2021\/12\/PEP.jpg\" alt=\"\" class=\"wp-image-724\" srcset=\"https:\/\/marenkuehn.ch\/wp-content\/uploads\/2021\/12\/PEP.jpg 1653w, https:\/\/marenkuehn.ch\/wp-content\/uploads\/2021\/12\/PEP-212x300.jpg 212w, https:\/\/marenkuehn.ch\/wp-content\/uploads\/2021\/12\/PEP-724x1024.jpg 724w, https:\/\/marenkuehn.ch\/wp-content\/uploads\/2021\/12\/PEP-768x1086.jpg 768w, https:\/\/marenkuehn.ch\/wp-content\/uploads\/2021\/12\/PEP-1086x1536.jpg 1086w, https:\/\/marenkuehn.ch\/wp-content\/uploads\/2021\/12\/PEP-1448x2048.jpg 1448w\" sizes=\"(max-width: 1653px) 100vw, 1653px\" \/><\/a><figcaption>Image directrice pour la cr\u00e9ation d&rsquo;un r\u00e9seau de  p\u00e9pini\u00e8res urbaines sur la rive droite de Gen\u00e8ve, en collaboration avec Olowine Rogg_participation et concertation, 2020<\/figcaption><\/figure>\n\n\n\n<figure class=\"wp-duotone-69df27ae343b0 wp-block-image size-full is-style-default\"><a href=\"http:\/\/marenkuehn.ch\/wp-content\/uploads\/2021\/12\/PEP_resume.jpg\"><img loading=\"lazy\" width=\"1653\" height=\"2338\" data-id=\"725\"  src=\"http:\/\/marenkuehn.ch\/wp-content\/uploads\/2021\/12\/PEP_resume.jpg\" alt=\"\" class=\"wp-image-725\" srcset=\"https:\/\/marenkuehn.ch\/wp-content\/uploads\/2021\/12\/PEP_resume.jpg 1653w, https:\/\/marenkuehn.ch\/wp-content\/uploads\/2021\/12\/PEP_resume-212x300.jpg 212w, https:\/\/marenkuehn.ch\/wp-content\/uploads\/2021\/12\/PEP_resume-724x1024.jpg 724w, https:\/\/marenkuehn.ch\/wp-content\/uploads\/2021\/12\/PEP_resume-768x1086.jpg 768w, https:\/\/marenkuehn.ch\/wp-content\/uploads\/2021\/12\/PEP_resume-1086x1536.jpg 1086w, https:\/\/marenkuehn.ch\/wp-content\/uploads\/2021\/12\/PEP_resume-1448x2048.jpg 1448w\" sizes=\"(max-width: 1653px) 100vw, 1653px\" \/><\/a><\/figure>\n\n\n\n<figure class=\"wp-duotone-69df27ae343f7 wp-block-image size-full is-style-default\"><a href=\"http:\/\/marenkuehn.ch\/wp-content\/uploads\/2021\/12\/ECOL.jpg\"><img loading=\"lazy\" width=\"1653\" height=\"2338\" data-id=\"715\"  src=\"http:\/\/marenkuehn.ch\/wp-content\/uploads\/2021\/12\/ECOL.jpg\" alt=\"\" class=\"wp-image-715\" srcset=\"https:\/\/marenkuehn.ch\/wp-content\/uploads\/2021\/12\/ECOL.jpg 1653w, https:\/\/marenkuehn.ch\/wp-content\/uploads\/2021\/12\/ECOL-212x300.jpg 212w, https:\/\/marenkuehn.ch\/wp-content\/uploads\/2021\/12\/ECOL-724x1024.jpg 724w, https:\/\/marenkuehn.ch\/wp-content\/uploads\/2021\/12\/ECOL-768x1086.jpg 768w, https:\/\/marenkuehn.ch\/wp-content\/uploads\/2021\/12\/ECOL-1086x1536.jpg 1086w, https:\/\/marenkuehn.ch\/wp-content\/uploads\/2021\/12\/ECOL-1448x2048.jpg 1448w\" sizes=\"(max-width: 1653px) 100vw, 1653px\" \/><\/a><figcaption>Image directrice pour la cr\u00e9ation d&rsquo;un parc lin\u00e9aire \u00e0 Vernier (GE), en collaboration avec Olowine Rogg_participation et concertation, Viridis environnement, Citec ing\u00e9nieurs conseil, 2020<\/figcaption><\/figure>\n\n\n\n<figure class=\"wp-duotone-69df27ae3443e wp-block-image size-full is-style-default\"><a href=\"http:\/\/marenkuehn.ch\/wp-content\/uploads\/2021\/12\/ECOL_maquette_.jpg\"><img loading=\"lazy\" width=\"2553\" height=\"1845\" data-id=\"719\"  src=\"http:\/\/marenkuehn.ch\/wp-content\/uploads\/2021\/12\/ECOL_maquette_.jpg\" alt=\"\" class=\"wp-image-719\" srcset=\"https:\/\/marenkuehn.ch\/wp-content\/uploads\/2021\/12\/ECOL_maquette_.jpg 2553w, https:\/\/marenkuehn.ch\/wp-content\/uploads\/2021\/12\/ECOL_maquette_-300x217.jpg 300w, https:\/\/marenkuehn.ch\/wp-content\/uploads\/2021\/12\/ECOL_maquette_-1024x740.jpg 1024w, https:\/\/marenkuehn.ch\/wp-content\/uploads\/2021\/12\/ECOL_maquette_-768x555.jpg 768w, https:\/\/marenkuehn.ch\/wp-content\/uploads\/2021\/12\/ECOL_maquette_-1536x1110.jpg 1536w, https:\/\/marenkuehn.ch\/wp-content\/uploads\/2021\/12\/ECOL_maquette_-2048x1480.jpg 2048w\" sizes=\"(max-width: 2553px) 100vw, 2553px\" \/><\/a><\/figure>\n\n\n\n<figure class=\"wp-duotone-69df27ae34487 wp-block-image size-full is-style-default\"><a href=\"http:\/\/marenkuehn.ch\/wp-content\/uploads\/2021\/12\/PdP.jpg\"><img loading=\"lazy\" width=\"1653\" height=\"2338\" data-id=\"723\"  src=\"http:\/\/marenkuehn.ch\/wp-content\/uploads\/2021\/12\/PdP.jpg\" alt=\"\" class=\"wp-image-723\" srcset=\"https:\/\/marenkuehn.ch\/wp-content\/uploads\/2021\/12\/PdP.jpg 1653w, https:\/\/marenkuehn.ch\/wp-content\/uploads\/2021\/12\/PdP-212x300.jpg 212w, https:\/\/marenkuehn.ch\/wp-content\/uploads\/2021\/12\/PdP-724x1024.jpg 724w, https:\/\/marenkuehn.ch\/wp-content\/uploads\/2021\/12\/PdP-768x1086.jpg 768w, https:\/\/marenkuehn.ch\/wp-content\/uploads\/2021\/12\/PdP-1086x1536.jpg 1086w, https:\/\/marenkuehn.ch\/wp-content\/uploads\/2021\/12\/PdP-1448x2048.jpg 1448w\" sizes=\"(max-width: 1653px) 100vw, 1653px\" \/><\/a><figcaption>Image directrice pour la cr\u00e9ation d&rsquo;une promenade,Vernier &#8211; Gen\u00e8ve &#8211; Meyrin (GE), en collaboration avec Olowine Rogg_participation et concertation, Citec ing\u00e9nieurs conseils, HKD g\u00e9om\u00e8tres, 2020<\/figcaption><\/figure>\n\n\n\n<figure class=\"wp-duotone-69df27ae344cc wp-block-image size-full is-style-default\"><a href=\"http:\/\/marenkuehn.ch\/wp-content\/uploads\/2021\/12\/MC.jpg\"><img loading=\"lazy\" width=\"1653\" height=\"2338\" data-id=\"720\"  src=\"http:\/\/marenkuehn.ch\/wp-content\/uploads\/2021\/12\/MC.jpg\" alt=\"\" class=\"wp-image-720\" srcset=\"https:\/\/marenkuehn.ch\/wp-content\/uploads\/2021\/12\/MC.jpg 1653w, https:\/\/marenkuehn.ch\/wp-content\/uploads\/2021\/12\/MC-212x300.jpg 212w, https:\/\/marenkuehn.ch\/wp-content\/uploads\/2021\/12\/MC-724x1024.jpg 724w, https:\/\/marenkuehn.ch\/wp-content\/uploads\/2021\/12\/MC-768x1086.jpg 768w, https:\/\/marenkuehn.ch\/wp-content\/uploads\/2021\/12\/MC-1086x1536.jpg 1086w, https:\/\/marenkuehn.ch\/wp-content\/uploads\/2021\/12\/MC-1448x2048.jpg 1448w\" sizes=\"(max-width: 1653px) 100vw, 1653px\" \/><\/a><figcaption>Imagine directrice pour la mise en place de la moyenne ceinture Pailly &#8211; Casa\u00ef &#8211; Meyrin, Gen\u00e8ve, Vernier (GE), Citec ing\u00e9nieurs conseils, Ecotec, T-Ing<\/figcaption><\/figure>\n\n\n\n<figure class=\"wp-duotone-69df27ae34518 wp-block-image size-full is-style-default\"><a href=\"http:\/\/marenkuehn.ch\/wp-content\/uploads\/2021\/12\/MICHAU-scaled.jpg\"><img loading=\"lazy\" width=\"2560\" height=\"1810\" data-id=\"722\"  src=\"http:\/\/marenkuehn.ch\/wp-content\/uploads\/2021\/12\/MICHAU-scaled.jpg\" alt=\"\" class=\"wp-image-722\" srcset=\"https:\/\/marenkuehn.ch\/wp-content\/uploads\/2021\/12\/MICHAU-scaled.jpg 2560w, https:\/\/marenkuehn.ch\/wp-content\/uploads\/2021\/12\/MICHAU-300x212.jpg 300w, https:\/\/marenkuehn.ch\/wp-content\/uploads\/2021\/12\/MICHAU-1024x724.jpg 1024w, https:\/\/marenkuehn.ch\/wp-content\/uploads\/2021\/12\/MICHAU-768x543.jpg 768w, https:\/\/marenkuehn.ch\/wp-content\/uploads\/2021\/12\/MICHAU-1536x1086.jpg 1536w, https:\/\/marenkuehn.ch\/wp-content\/uploads\/2021\/12\/MICHAU-2048x1448.jpg 2048w\" sizes=\"(max-width: 2560px) 100vw, 2560px\" \/><\/a><figcaption>Avant-projet pour la r\u00e9novation d&rsquo;un jardin priv\u00e9, 2021<\/figcaption><\/figure>\n\n\n\n<figure class=\"wp-duotone-69df27ae3457b wp-block-image size-full is-style-default\"><a href=\"http:\/\/marenkuehn.ch\/wp-content\/uploads\/2021\/12\/CEC.jpg\"><img loading=\"lazy\" width=\"1653\" height=\"2338\" data-id=\"714\"  src=\"http:\/\/marenkuehn.ch\/wp-content\/uploads\/2021\/12\/CEC.jpg\" alt=\"\" class=\"wp-image-714\" srcset=\"https:\/\/marenkuehn.ch\/wp-content\/uploads\/2021\/12\/CEC.jpg 1653w, https:\/\/marenkuehn.ch\/wp-content\/uploads\/2021\/12\/CEC-212x300.jpg 212w, https:\/\/marenkuehn.ch\/wp-content\/uploads\/2021\/12\/CEC-724x1024.jpg 724w, https:\/\/marenkuehn.ch\/wp-content\/uploads\/2021\/12\/CEC-768x1086.jpg 768w, https:\/\/marenkuehn.ch\/wp-content\/uploads\/2021\/12\/CEC-1086x1536.jpg 1086w, https:\/\/marenkuehn.ch\/wp-content\/uploads\/2021\/12\/CEC-1448x2048.jpg 1448w\" sizes=\"(max-width: 1653px) 100vw, 1653px\" \/><\/a><figcaption>Image directrice pour la r\u00e9naturation d&rsquo;un site scolaire, Gen\u00e8ve (GE), 2021<\/figcaption><\/figure>\n<\/figure>\n\n\n\n<p><\/p>\n","protected":false},"excerpt":{"rendered":"","protected":false},"author":1,"featured_media":0,"parent":0,"menu_order":0,"comment_status":"closed","ping_status":"closed","template":"","meta":[],"_links":{"self":[{"href":"https:\/\/marenkuehn.ch\/index.php?rest_route=\/wp\/v2\/pages\/706"}],"collection":[{"href":"https:\/\/marenkuehn.ch\/index.php?rest_route=\/wp\/v2\/pages"}],"about":[{"href":"https:\/\/marenkuehn.ch\/index.php?rest_route=\/wp\/v2\/types\/page"}],"author":[{"embeddable":true,"href":"https:\/\/marenkuehn.ch\/index.php?rest_route=\/wp\/v2\/users\/1"}],"replies":[{"embeddable":true,"href":"https:\/\/marenkuehn.ch\/index.php?rest_route=%2Fwp%2Fv2%2Fcomments&post=706"}],"version-history":[{"count":7,"href":"https:\/\/marenkuehn.ch\/index.php?rest_route=\/wp\/v2\/pages\/706\/revisions"}],"predecessor-version":[{"id":866,"href":"https:\/\/marenkuehn.ch\/index.php?rest_route=\/wp\/v2\/pages\/706\/revisions\/866"}],"wp:attachment":[{"href":"https:\/\/marenkuehn.ch\/index.php?rest_route=%2Fwp%2Fv2%2Fmedia&parent=706"}],"curies":[{"name":"wp","href":"https:\/\/api.w.org\/{rel}","templated":true}]}}