{"id":637,"date":"2021-12-06T17:53:11","date_gmt":"2021-12-06T16:53:11","guid":{"rendered":"http:\/\/marenkuehn.ch\/?page_id=637"},"modified":"2021-12-06T18:04:39","modified_gmt":"2021-12-06T17:04:39","slug":"hraun","status":"publish","type":"page","link":"https:\/\/marenkuehn.ch\/?page_id=637","title":{"rendered":"HRAUN"},"content":{"rendered":"\n<figure class=\"wp-block-gallery columns-4\"><ul class=\"blocks-gallery-grid\"><li class=\"blocks-gallery-item\"><figure><a href=\"http:\/\/marenkuehn.ch\/wp-content\/uploads\/2021\/12\/HRAUN_1-scaled.jpg\"><img loading=\"lazy\" width=\"1024\" height=\"724\" src=\"http:\/\/marenkuehn.ch\/wp-content\/uploads\/2021\/12\/HRAUN_1-1024x724.jpg\" alt=\"\" data-id=\"638\" data-full-url=\"http:\/\/marenkuehn.ch\/wp-content\/uploads\/2021\/12\/HRAUN_1-scaled.jpg\" data-link=\"http:\/\/marenkuehn.ch\/?attachment_id=638#main\" class=\"wp-image-638\" srcset=\"https:\/\/marenkuehn.ch\/wp-content\/uploads\/2021\/12\/HRAUN_1-1024x724.jpg 1024w, https:\/\/marenkuehn.ch\/wp-content\/uploads\/2021\/12\/HRAUN_1-300x212.jpg 300w, https:\/\/marenkuehn.ch\/wp-content\/uploads\/2021\/12\/HRAUN_1-768x543.jpg 768w, https:\/\/marenkuehn.ch\/wp-content\/uploads\/2021\/12\/HRAUN_1-1536x1086.jpg 1536w, https:\/\/marenkuehn.ch\/wp-content\/uploads\/2021\/12\/HRAUN_1-2048x1448.jpg 2048w, https:\/\/marenkuehn.ch\/wp-content\/uploads\/2021\/12\/HRAUN_1-304x215.jpg 304w\" sizes=\"(max-width: 1024px) 100vw, 1024px\" \/><\/a><\/figure><\/li><li class=\"blocks-gallery-item\"><figure><a href=\"http:\/\/marenkuehn.ch\/wp-content\/uploads\/2021\/12\/HRAUN_2-scaled.jpg\"><img loading=\"lazy\" width=\"1024\" height=\"724\" src=\"http:\/\/marenkuehn.ch\/wp-content\/uploads\/2021\/12\/HRAUN_2-1024x724.jpg\" alt=\"\" data-id=\"639\" data-full-url=\"http:\/\/marenkuehn.ch\/wp-content\/uploads\/2021\/12\/HRAUN_2-scaled.jpg\" data-link=\"http:\/\/marenkuehn.ch\/?attachment_id=639#main\" class=\"wp-image-639\" srcset=\"https:\/\/marenkuehn.ch\/wp-content\/uploads\/2021\/12\/HRAUN_2-1024x724.jpg 1024w, https:\/\/marenkuehn.ch\/wp-content\/uploads\/2021\/12\/HRAUN_2-300x212.jpg 300w, https:\/\/marenkuehn.ch\/wp-content\/uploads\/2021\/12\/HRAUN_2-768x543.jpg 768w, https:\/\/marenkuehn.ch\/wp-content\/uploads\/2021\/12\/HRAUN_2-1536x1086.jpg 1536w, https:\/\/marenkuehn.ch\/wp-content\/uploads\/2021\/12\/HRAUN_2-2048x1448.jpg 2048w, https:\/\/marenkuehn.ch\/wp-content\/uploads\/2021\/12\/HRAUN_2-304x215.jpg 304w\" sizes=\"(max-width: 1024px) 100vw, 1024px\" \/><\/a><\/figure><\/li><li class=\"blocks-gallery-item\"><figure><a href=\"http:\/\/marenkuehn.ch\/wp-content\/uploads\/2021\/12\/HRAUN_3-scaled.jpg\"><img loading=\"lazy\" width=\"1024\" height=\"724\" src=\"http:\/\/marenkuehn.ch\/wp-content\/uploads\/2021\/12\/HRAUN_3-1024x724.jpg\" alt=\"\" data-id=\"640\" data-full-url=\"http:\/\/marenkuehn.ch\/wp-content\/uploads\/2021\/12\/HRAUN_3-scaled.jpg\" data-link=\"http:\/\/marenkuehn.ch\/?attachment_id=640#main\" class=\"wp-image-640\" srcset=\"https:\/\/marenkuehn.ch\/wp-content\/uploads\/2021\/12\/HRAUN_3-1024x724.jpg 1024w, https:\/\/marenkuehn.ch\/wp-content\/uploads\/2021\/12\/HRAUN_3-300x212.jpg 300w, https:\/\/marenkuehn.ch\/wp-content\/uploads\/2021\/12\/HRAUN_3-768x543.jpg 768w, https:\/\/marenkuehn.ch\/wp-content\/uploads\/2021\/12\/HRAUN_3-1536x1086.jpg 1536w, https:\/\/marenkuehn.ch\/wp-content\/uploads\/2021\/12\/HRAUN_3-2048x1448.jpg 2048w, https:\/\/marenkuehn.ch\/wp-content\/uploads\/2021\/12\/HRAUN_3-304x215.jpg 304w\" sizes=\"(max-width: 1024px) 100vw, 1024px\" \/><\/a><\/figure><\/li><li class=\"blocks-gallery-item\"><figure><a href=\"http:\/\/marenkuehn.ch\/wp-content\/uploads\/2021\/12\/HRAUN_4-scaled.jpg\"><img loading=\"lazy\" width=\"1024\" height=\"724\" src=\"http:\/\/marenkuehn.ch\/wp-content\/uploads\/2021\/12\/HRAUN_4-1024x724.jpg\" alt=\"\" data-id=\"641\" data-full-url=\"http:\/\/marenkuehn.ch\/wp-content\/uploads\/2021\/12\/HRAUN_4-scaled.jpg\" data-link=\"http:\/\/marenkuehn.ch\/?attachment_id=641#main\" class=\"wp-image-641\" srcset=\"https:\/\/marenkuehn.ch\/wp-content\/uploads\/2021\/12\/HRAUN_4-1024x724.jpg 1024w, https:\/\/marenkuehn.ch\/wp-content\/uploads\/2021\/12\/HRAUN_4-300x212.jpg 300w, https:\/\/marenkuehn.ch\/wp-content\/uploads\/2021\/12\/HRAUN_4-768x543.jpg 768w, https:\/\/marenkuehn.ch\/wp-content\/uploads\/2021\/12\/HRAUN_4-1536x1086.jpg 1536w, https:\/\/marenkuehn.ch\/wp-content\/uploads\/2021\/12\/HRAUN_4-2048x1448.jpg 2048w, https:\/\/marenkuehn.ch\/wp-content\/uploads\/2021\/12\/HRAUN_4-304x215.jpg 304w\" sizes=\"(max-width: 1024px) 100vw, 1024px\" \/><\/a><\/figure><\/li><\/ul><figcaption class=\"blocks-gallery-caption\"><strong>HRAUN &#8211; as a line in the landscape<\/strong> &#8211; concours d\u2019architecture pour la cr\u00e9ation d\u2019un prototype de cabane de trekking en Islande. En collaboration avec Morten Gisselbaek architecte, Gen\u00e8ve. 2016 \/\/\/\/\/&nbsp;<em>Ideenwettbewerb f\u00fcr den Entwurf eines Prototypen f\u00fcr Trekkingh\u00fctten in Island. In Zusammenarbeit mit Morten Gisselbaek&nbsp;Architekt, Genf. 2016<\/em><\/figcaption><\/figure>\n\n\n\n<p><\/p>\n","protected":false},"excerpt":{"rendered":"","protected":false},"author":1,"featured_media":638,"parent":0,"menu_order":0,"comment_status":"closed","ping_status":"closed","template":"","meta":[],"_links":{"self":[{"href":"https:\/\/marenkuehn.ch\/index.php?rest_route=\/wp\/v2\/pages\/637"}],"collection":[{"href":"https:\/\/marenkuehn.ch\/index.php?rest_route=\/wp\/v2\/pages"}],"about":[{"href":"https:\/\/marenkuehn.ch\/index.php?rest_route=\/wp\/v2\/types\/page"}],"author":[{"embeddable":true,"href":"https:\/\/marenkuehn.ch\/index.php?rest_route=\/wp\/v2\/users\/1"}],"replies":[{"embeddable":true,"href":"https:\/\/marenkuehn.ch\/index.php?rest_route=%2Fwp%2Fv2%2Fcomments&post=637"}],"version-history":[{"count":9,"href":"https:\/\/marenkuehn.ch\/index.php?rest_route=\/wp\/v2\/pages\/637\/revisions"}],"predecessor-version":[{"id":672,"href":"https:\/\/marenkuehn.ch\/index.php?rest_route=\/wp\/v2\/pages\/637\/revisions\/672"}],"wp:featuredmedia":[{"embeddable":true,"href":"https:\/\/marenkuehn.ch\/index.php?rest_route=\/wp\/v2\/media\/638"}],"wp:attachment":[{"href":"https:\/\/marenkuehn.ch\/index.php?rest_route=%2Fwp%2Fv2%2Fmedia&parent=637"}],"curies":[{"name":"wp","href":"https:\/\/api.w.org\/{rel}","templated":true}]}}