{"id":626,"date":"2021-12-07T14:07:47","date_gmt":"2021-12-07T13:07:47","guid":{"rendered":"http:\/\/marenkuehn.ch\/?page_id=626"},"modified":"2021-12-07T19:36:23","modified_gmt":"2021-12-07T18:36:23","slug":"de-ci-de-la","status":"publish","type":"page","link":"https:\/\/marenkuehn.ch\/?page_id=626","title":{"rendered":"De ci de l\u00e0"},"content":{"rendered":"\n<figure class=\"wp-block-gallery columns-2 is-cropped\"><ul class=\"blocks-gallery-grid\"><li class=\"blocks-gallery-item\"><figure><a href=\"http:\/\/marenkuehn.ch\/wp-content\/uploads\/2021\/12\/DE-CI-DE-LA_1-scaled.jpg\"><img loading=\"lazy\" width=\"2560\" height=\"1801\" src=\"http:\/\/marenkuehn.ch\/wp-content\/uploads\/2021\/12\/DE-CI-DE-LA_1-scaled.jpg\" alt=\"\" data-id=\"627\" data-full-url=\"http:\/\/marenkuehn.ch\/wp-content\/uploads\/2021\/12\/DE-CI-DE-LA_1-scaled.jpg\" data-link=\"http:\/\/marenkuehn.ch\/?attachment_id=627#main\" class=\"wp-image-627\" srcset=\"https:\/\/marenkuehn.ch\/wp-content\/uploads\/2021\/12\/DE-CI-DE-LA_1-scaled.jpg 2560w, https:\/\/marenkuehn.ch\/wp-content\/uploads\/2021\/12\/DE-CI-DE-LA_1-300x211.jpg 300w, https:\/\/marenkuehn.ch\/wp-content\/uploads\/2021\/12\/DE-CI-DE-LA_1-1024x721.jpg 1024w, https:\/\/marenkuehn.ch\/wp-content\/uploads\/2021\/12\/DE-CI-DE-LA_1-768x540.jpg 768w, https:\/\/marenkuehn.ch\/wp-content\/uploads\/2021\/12\/DE-CI-DE-LA_1-1536x1081.jpg 1536w, https:\/\/marenkuehn.ch\/wp-content\/uploads\/2021\/12\/DE-CI-DE-LA_1-2048x1441.jpg 2048w, https:\/\/marenkuehn.ch\/wp-content\/uploads\/2021\/12\/DE-CI-DE-LA_1-304x214.jpg 304w\" sizes=\"(max-width: 2560px) 100vw, 2560px\" \/><\/a><\/figure><\/li><li class=\"blocks-gallery-item\"><figure><a href=\"http:\/\/marenkuehn.ch\/wp-content\/uploads\/2021\/12\/DE-CI-DE-LA_2-scaled.jpg\"><img loading=\"lazy\" width=\"2560\" height=\"1792\" src=\"http:\/\/marenkuehn.ch\/wp-content\/uploads\/2021\/12\/DE-CI-DE-LA_2-scaled.jpg\" alt=\"\" data-id=\"628\" data-full-url=\"http:\/\/marenkuehn.ch\/wp-content\/uploads\/2021\/12\/DE-CI-DE-LA_2-scaled.jpg\" data-link=\"http:\/\/marenkuehn.ch\/?attachment_id=628#main\" class=\"wp-image-628\" srcset=\"https:\/\/marenkuehn.ch\/wp-content\/uploads\/2021\/12\/DE-CI-DE-LA_2-scaled.jpg 2560w, https:\/\/marenkuehn.ch\/wp-content\/uploads\/2021\/12\/DE-CI-DE-LA_2-300x210.jpg 300w, https:\/\/marenkuehn.ch\/wp-content\/uploads\/2021\/12\/DE-CI-DE-LA_2-1024x717.jpg 1024w, https:\/\/marenkuehn.ch\/wp-content\/uploads\/2021\/12\/DE-CI-DE-LA_2-768x538.jpg 768w, https:\/\/marenkuehn.ch\/wp-content\/uploads\/2021\/12\/DE-CI-DE-LA_2-1536x1075.jpg 1536w, https:\/\/marenkuehn.ch\/wp-content\/uploads\/2021\/12\/DE-CI-DE-LA_2-2048x1434.jpg 2048w, https:\/\/marenkuehn.ch\/wp-content\/uploads\/2021\/12\/DE-CI-DE-LA_2-304x213.jpg 304w\" sizes=\"(max-width: 2560px) 100vw, 2560px\" \/><\/a><\/figure><\/li><\/ul><figcaption class=\"blocks-gallery-caption\"><strong>DE CI DE LA<\/strong>&nbsp;&nbsp;Concours pour l&rsquo;agrandissement du&nbsp;centre de comp\u00e9tences de la Conf\u00e9d\u00e9ration pour la recherche agricole Agroscope, Posieux&nbsp;(FR). 5\u00e8me prix. Architecture: Aeby Aumann Emery architectes, Friburg. 2017 \/\/\/\/\/ <em>Wettbewerb f\u00fcr die Erweiterung des&nbsp;Kompetenzzentrums des Bundes f\u00fcr landwirtschaftliche Forschung,&nbsp;Posieux&nbsp;(FR). 5. Rang. Architektur: Aeby Aumann Emery&nbsp;architectes, Fribourg. 2017<\/em><\/figcaption><\/figure>\n\n\n\n<p><\/p>\n","protected":false},"excerpt":{"rendered":"","protected":false},"author":1,"featured_media":0,"parent":0,"menu_order":0,"comment_status":"closed","ping_status":"closed","template":"","meta":[],"_links":{"self":[{"href":"https:\/\/marenkuehn.ch\/index.php?rest_route=\/wp\/v2\/pages\/626"}],"collection":[{"href":"https:\/\/marenkuehn.ch\/index.php?rest_route=\/wp\/v2\/pages"}],"about":[{"href":"https:\/\/marenkuehn.ch\/index.php?rest_route=\/wp\/v2\/types\/page"}],"author":[{"embeddable":true,"href":"https:\/\/marenkuehn.ch\/index.php?rest_route=\/wp\/v2\/users\/1"}],"replies":[{"embeddable":true,"href":"https:\/\/marenkuehn.ch\/index.php?rest_route=%2Fwp%2Fv2%2Fcomments&post=626"}],"version-history":[{"count":4,"href":"https:\/\/marenkuehn.ch\/index.php?rest_route=\/wp\/v2\/pages\/626\/revisions"}],"predecessor-version":[{"id":808,"href":"https:\/\/marenkuehn.ch\/index.php?rest_route=\/wp\/v2\/pages\/626\/revisions\/808"}],"wp:attachment":[{"href":"https:\/\/marenkuehn.ch\/index.php?rest_route=%2Fwp%2Fv2%2Fmedia&parent=626"}],"curies":[{"name":"wp","href":"https:\/\/api.w.org\/{rel}","templated":true}]}}