{"id":600,"date":"2021-12-06T16:25:20","date_gmt":"2021-12-06T15:25:20","guid":{"rendered":"http:\/\/marenkuehn.ch\/?page_id=600"},"modified":"2021-12-06T16:39:01","modified_gmt":"2021-12-06T15:39:01","slug":"__trashed","status":"publish","type":"page","link":"https:\/\/marenkuehn.ch\/?page_id=600","title":{"rendered":"Pro Natura Allondon"},"content":{"rendered":"\n<figure class=\"wp-block-gallery columns-1 is-cropped\"><ul class=\"blocks-gallery-grid\"><li class=\"blocks-gallery-item\"><figure><a href=\"http:\/\/marenkuehn.ch\/wp-content\/uploads\/2021\/12\/PRO-NATURA-ALLONDON.jpg\"><img loading=\"lazy\" width=\"2481\" height=\"1241\" src=\"http:\/\/marenkuehn.ch\/wp-content\/uploads\/2021\/12\/PRO-NATURA-ALLONDON.jpg\" alt=\"\" data-id=\"601\" data-full-url=\"http:\/\/marenkuehn.ch\/wp-content\/uploads\/2021\/12\/PRO-NATURA-ALLONDON.jpg\" data-link=\"http:\/\/marenkuehn.ch\/?attachment_id=601#main\" class=\"wp-image-601\" srcset=\"https:\/\/marenkuehn.ch\/wp-content\/uploads\/2021\/12\/PRO-NATURA-ALLONDON.jpg 2481w, https:\/\/marenkuehn.ch\/wp-content\/uploads\/2021\/12\/PRO-NATURA-ALLONDON-300x150.jpg 300w, https:\/\/marenkuehn.ch\/wp-content\/uploads\/2021\/12\/PRO-NATURA-ALLONDON-1024x512.jpg 1024w, https:\/\/marenkuehn.ch\/wp-content\/uploads\/2021\/12\/PRO-NATURA-ALLONDON-768x384.jpg 768w, https:\/\/marenkuehn.ch\/wp-content\/uploads\/2021\/12\/PRO-NATURA-ALLONDON-1536x768.jpg 1536w, https:\/\/marenkuehn.ch\/wp-content\/uploads\/2021\/12\/PRO-NATURA-ALLONDON-2048x1024.jpg 2048w, https:\/\/marenkuehn.ch\/wp-content\/uploads\/2021\/12\/PRO-NATURA-ALLONDON-304x152.jpg 304w\" sizes=\"(max-width: 2481px) 100vw, 2481px\" \/><\/a><\/figure><\/li><\/ul><figcaption class=\"blocks-gallery-caption\"><strong>Centre Pro Natura du vallon de l&rsquo;Allondon<\/strong>, Dardagny GE. Am\u00e9nagement d&rsquo;une zone d&rsquo;accueil du public&nbsp;temporaire comprenant un espace didactique, un espace de jeux et une zone de d\u00e9tente. En collaboration avec l&rsquo;association&nbsp;label-Vie et Martin Rautenstrauch, sculpteur-sc\u00e9nographe. Conception de la roue n\u00e9palaise et de la maquette de \u00ab\u00a0rivi\u00e8re libre\u00a0\u00bb&nbsp;label-Vie&nbsp;et Martin Rautenstrauch. 2017 \/\/\/\/\/&nbsp;<em>Gestaltung eines tempor\u00e4ren Begegnungsortes mit didaktischem Raum, Spielort und Platz, um die Seele baumeln zu lassen. In Zusammenarbeit mit dem Verein&nbsp;label-Vie&nbsp;und Martin&nbsp;Rautenstrauch, Bildhauer und B\u00fchnenbildner. Nepalesisches Riesenrad und Flussmodell von&nbsp;<em>label-Vie&nbsp;und Martin&nbsp;Rautenstrauch. 2017<\/em><\/em><\/figcaption><\/figure>\n\n\n\n<p><\/p>\n","protected":false},"excerpt":{"rendered":"","protected":false},"author":1,"featured_media":0,"parent":0,"menu_order":0,"comment_status":"closed","ping_status":"closed","template":"","meta":[],"_links":{"self":[{"href":"https:\/\/marenkuehn.ch\/index.php?rest_route=\/wp\/v2\/pages\/600"}],"collection":[{"href":"https:\/\/marenkuehn.ch\/index.php?rest_route=\/wp\/v2\/pages"}],"about":[{"href":"https:\/\/marenkuehn.ch\/index.php?rest_route=\/wp\/v2\/types\/page"}],"author":[{"embeddable":true,"href":"https:\/\/marenkuehn.ch\/index.php?rest_route=\/wp\/v2\/users\/1"}],"replies":[{"embeddable":true,"href":"https:\/\/marenkuehn.ch\/index.php?rest_route=%2Fwp%2Fv2%2Fcomments&post=600"}],"version-history":[{"count":6,"href":"https:\/\/marenkuehn.ch\/index.php?rest_route=\/wp\/v2\/pages\/600\/revisions"}],"predecessor-version":[{"id":679,"href":"https:\/\/marenkuehn.ch\/index.php?rest_route=\/wp\/v2\/pages\/600\/revisions\/679"}],"wp:attachment":[{"href":"https:\/\/marenkuehn.ch\/index.php?rest_route=%2Fwp%2Fv2%2Fmedia&parent=600"}],"curies":[{"name":"wp","href":"https:\/\/api.w.org\/{rel}","templated":true}]}}