{"id":870,"date":"2022-08-08T16:56:57","date_gmt":"2022-08-08T14:56:57","guid":{"rendered":"http:\/\/marenkuehn.ch\/?page_id=870"},"modified":"2022-08-08T17:11:34","modified_gmt":"2022-08-08T15:11:34","slug":"sophora","status":"publish","type":"page","link":"http:\/\/marenkuehn.ch\/?page_id=870","title":{"rendered":"Sophora"},"content":{"rendered":"\n<figure class=\"wp-block-gallery has-nested-images columns-default is-cropped\">\n<figure class=\"wp-block-image size-full\"><a href=\"http:\/\/marenkuehn.ch\/wp-content\/uploads\/2022\/08\/SOPHORA_planches-concours_1-1.jpg\"><img loading=\"lazy\" width=\"2481\" height=\"1754\" data-id=\"873\"  src=\"http:\/\/marenkuehn.ch\/wp-content\/uploads\/2022\/08\/SOPHORA_planches-concours_1-1.jpg\" alt=\"\" class=\"wp-image-873\" srcset=\"http:\/\/marenkuehn.ch\/wp-content\/uploads\/2022\/08\/SOPHORA_planches-concours_1-1.jpg 2481w, http:\/\/marenkuehn.ch\/wp-content\/uploads\/2022\/08\/SOPHORA_planches-concours_1-1-300x212.jpg 300w, http:\/\/marenkuehn.ch\/wp-content\/uploads\/2022\/08\/SOPHORA_planches-concours_1-1-1024x724.jpg 1024w, http:\/\/marenkuehn.ch\/wp-content\/uploads\/2022\/08\/SOPHORA_planches-concours_1-1-768x543.jpg 768w, http:\/\/marenkuehn.ch\/wp-content\/uploads\/2022\/08\/SOPHORA_planches-concours_1-1-1536x1086.jpg 1536w, http:\/\/marenkuehn.ch\/wp-content\/uploads\/2022\/08\/SOPHORA_planches-concours_1-1-2048x1448.jpg 2048w\" sizes=\"(max-width: 2481px) 100vw, 2481px\" \/><\/a><\/figure>\n\n\n\n<figure class=\"wp-block-image size-full\"><a href=\"http:\/\/marenkuehn.ch\/wp-content\/uploads\/2022\/08\/SOPHORA_planches-concours_2.jpg\"><img loading=\"lazy\" width=\"2481\" height=\"1754\" data-id=\"872\"  src=\"http:\/\/marenkuehn.ch\/wp-content\/uploads\/2022\/08\/SOPHORA_planches-concours_2.jpg\" alt=\"\" class=\"wp-image-872\" srcset=\"http:\/\/marenkuehn.ch\/wp-content\/uploads\/2022\/08\/SOPHORA_planches-concours_2.jpg 2481w, http:\/\/marenkuehn.ch\/wp-content\/uploads\/2022\/08\/SOPHORA_planches-concours_2-300x212.jpg 300w, http:\/\/marenkuehn.ch\/wp-content\/uploads\/2022\/08\/SOPHORA_planches-concours_2-1024x724.jpg 1024w, http:\/\/marenkuehn.ch\/wp-content\/uploads\/2022\/08\/SOPHORA_planches-concours_2-768x543.jpg 768w, http:\/\/marenkuehn.ch\/wp-content\/uploads\/2022\/08\/SOPHORA_planches-concours_2-1536x1086.jpg 1536w, http:\/\/marenkuehn.ch\/wp-content\/uploads\/2022\/08\/SOPHORA_planches-concours_2-2048x1448.jpg 2048w\" sizes=\"(max-width: 2481px) 100vw, 2481px\" \/><\/a><\/figure>\n\n\n\n<figure class=\"wp-block-image size-full\"><a href=\"http:\/\/marenkuehn.ch\/wp-content\/uploads\/2022\/08\/SOPHORA_planches-concours_3.jpg\"><img loading=\"lazy\" width=\"2481\" height=\"1754\" data-id=\"874\"  src=\"http:\/\/marenkuehn.ch\/wp-content\/uploads\/2022\/08\/SOPHORA_planches-concours_3.jpg\" alt=\"\" class=\"wp-image-874\" srcset=\"http:\/\/marenkuehn.ch\/wp-content\/uploads\/2022\/08\/SOPHORA_planches-concours_3.jpg 2481w, http:\/\/marenkuehn.ch\/wp-content\/uploads\/2022\/08\/SOPHORA_planches-concours_3-300x212.jpg 300w, http:\/\/marenkuehn.ch\/wp-content\/uploads\/2022\/08\/SOPHORA_planches-concours_3-1024x724.jpg 1024w, http:\/\/marenkuehn.ch\/wp-content\/uploads\/2022\/08\/SOPHORA_planches-concours_3-768x543.jpg 768w, http:\/\/marenkuehn.ch\/wp-content\/uploads\/2022\/08\/SOPHORA_planches-concours_3-1536x1086.jpg 1536w, http:\/\/marenkuehn.ch\/wp-content\/uploads\/2022\/08\/SOPHORA_planches-concours_3-2048x1448.jpg 2048w\" sizes=\"(max-width: 2481px) 100vw, 2481px\" \/><\/a><\/figure>\n\n\n\n<figure class=\"wp-block-image size-full\"><a href=\"http:\/\/marenkuehn.ch\/wp-content\/uploads\/2022\/08\/SOPHORA_planches-concours_4.jpg\"><img loading=\"lazy\" width=\"2481\" height=\"1754\" data-id=\"875\"  src=\"http:\/\/marenkuehn.ch\/wp-content\/uploads\/2022\/08\/SOPHORA_planches-concours_4.jpg\" alt=\"\" class=\"wp-image-875\" srcset=\"http:\/\/marenkuehn.ch\/wp-content\/uploads\/2022\/08\/SOPHORA_planches-concours_4.jpg 2481w, http:\/\/marenkuehn.ch\/wp-content\/uploads\/2022\/08\/SOPHORA_planches-concours_4-300x212.jpg 300w, http:\/\/marenkuehn.ch\/wp-content\/uploads\/2022\/08\/SOPHORA_planches-concours_4-1024x724.jpg 1024w, http:\/\/marenkuehn.ch\/wp-content\/uploads\/2022\/08\/SOPHORA_planches-concours_4-768x543.jpg 768w, http:\/\/marenkuehn.ch\/wp-content\/uploads\/2022\/08\/SOPHORA_planches-concours_4-1536x1086.jpg 1536w, http:\/\/marenkuehn.ch\/wp-content\/uploads\/2022\/08\/SOPHORA_planches-concours_4-2048x1448.jpg 2048w\" sizes=\"(max-width: 2481px) 100vw, 2481px\" \/><\/a><\/figure>\n\n\n\n<figure class=\"wp-block-image size-full\"><a href=\"http:\/\/marenkuehn.ch\/wp-content\/uploads\/2022\/08\/SOPHORA_planches-concours_5.jpg\"><img loading=\"lazy\" width=\"2481\" height=\"1754\" data-id=\"877\"  src=\"http:\/\/marenkuehn.ch\/wp-content\/uploads\/2022\/08\/SOPHORA_planches-concours_5.jpg\" alt=\"\" class=\"wp-image-877\" srcset=\"http:\/\/marenkuehn.ch\/wp-content\/uploads\/2022\/08\/SOPHORA_planches-concours_5.jpg 2481w, http:\/\/marenkuehn.ch\/wp-content\/uploads\/2022\/08\/SOPHORA_planches-concours_5-300x212.jpg 300w, http:\/\/marenkuehn.ch\/wp-content\/uploads\/2022\/08\/SOPHORA_planches-concours_5-1024x724.jpg 1024w, http:\/\/marenkuehn.ch\/wp-content\/uploads\/2022\/08\/SOPHORA_planches-concours_5-768x543.jpg 768w, http:\/\/marenkuehn.ch\/wp-content\/uploads\/2022\/08\/SOPHORA_planches-concours_5-1536x1086.jpg 1536w, http:\/\/marenkuehn.ch\/wp-content\/uploads\/2022\/08\/SOPHORA_planches-concours_5-2048x1448.jpg 2048w\" sizes=\"(max-width: 2481px) 100vw, 2481px\" \/><\/a><\/figure>\n\n\n\n<figure class=\"wp-block-image size-full\"><a href=\"http:\/\/marenkuehn.ch\/wp-content\/uploads\/2022\/08\/SOPHORA_planches-concours_6.jpg\"><img loading=\"lazy\" width=\"2481\" height=\"1754\" data-id=\"876\"  src=\"http:\/\/marenkuehn.ch\/wp-content\/uploads\/2022\/08\/SOPHORA_planches-concours_6.jpg\" alt=\"\" class=\"wp-image-876\" srcset=\"http:\/\/marenkuehn.ch\/wp-content\/uploads\/2022\/08\/SOPHORA_planches-concours_6.jpg 2481w, http:\/\/marenkuehn.ch\/wp-content\/uploads\/2022\/08\/SOPHORA_planches-concours_6-300x212.jpg 300w, http:\/\/marenkuehn.ch\/wp-content\/uploads\/2022\/08\/SOPHORA_planches-concours_6-1024x724.jpg 1024w, http:\/\/marenkuehn.ch\/wp-content\/uploads\/2022\/08\/SOPHORA_planches-concours_6-768x543.jpg 768w, http:\/\/marenkuehn.ch\/wp-content\/uploads\/2022\/08\/SOPHORA_planches-concours_6-1536x1086.jpg 1536w, http:\/\/marenkuehn.ch\/wp-content\/uploads\/2022\/08\/SOPHORA_planches-concours_6-2048x1448.jpg 2048w\" sizes=\"(max-width: 2481px) 100vw, 2481px\" \/><\/a><\/figure>\n<figcaption class=\"blocks-gallery-caption\"><strong>SOPHORA<\/strong>&nbsp;Concours pour la construction d&rsquo;un \u00eelot de logement ainsi que l&rsquo;am\u00e9nagement des espaces&nbsp;ext\u00e9rieurs sur le site du PLQ Voies CFF, Vernier&nbsp;(GE). 1er&nbsp;prix. Architecture: Burrus Nussbaumer s\u00e0rl, Gen\u00e8ve. 2021 &#8211; en cours \/\/\/\/\/&nbsp;<em>Wettbewerb f\u00fcr die&nbsp;Wohn\u00fcberbauung und die&nbsp;Aussenraumgestaltung am Standort des PLQ Voies CFF, Vernier&nbsp;(GE). 1. Rang. Architektur: Burrus Nussbaumer s\u00e0rl, Gen\u00e8ve. 2021 &#8211; in Bearbeitung<\/em><\/figcaption><\/figure>\n\n\n\n<figure class=\"wp-block-image\"><img alt=\"\"\/><\/figure>\n\n\n\n<p><\/p>\n","protected":false},"excerpt":{"rendered":"","protected":false},"author":1,"featured_media":0,"parent":0,"menu_order":0,"comment_status":"closed","ping_status":"closed","template":"","meta":[],"_links":{"self":[{"href":"http:\/\/marenkuehn.ch\/index.php?rest_route=\/wp\/v2\/pages\/870"}],"collection":[{"href":"http:\/\/marenkuehn.ch\/index.php?rest_route=\/wp\/v2\/pages"}],"about":[{"href":"http:\/\/marenkuehn.ch\/index.php?rest_route=\/wp\/v2\/types\/page"}],"author":[{"embeddable":true,"href":"http:\/\/marenkuehn.ch\/index.php?rest_route=\/wp\/v2\/users\/1"}],"replies":[{"embeddable":true,"href":"http:\/\/marenkuehn.ch\/index.php?rest_route=%2Fwp%2Fv2%2Fcomments&post=870"}],"version-history":[{"count":5,"href":"http:\/\/marenkuehn.ch\/index.php?rest_route=\/wp\/v2\/pages\/870\/revisions"}],"predecessor-version":[{"id":886,"href":"http:\/\/marenkuehn.ch\/index.php?rest_route=\/wp\/v2\/pages\/870\/revisions\/886"}],"wp:attachment":[{"href":"http:\/\/marenkuehn.ch\/index.php?rest_route=%2Fwp%2Fv2%2Fmedia&parent=870"}],"curies":[{"name":"wp","href":"https:\/\/api.w.org\/{rel}","templated":true}]}}